{"id":967,"date":"2012-11-12T09:38:18","date_gmt":"2012-11-12T08:38:18","guid":{"rendered":"http:\/\/www.b26-forchheim.de\/?page_id=967"},"modified":"2012-12-31T00:26:23","modified_gmt":"2012-12-30T23:26:23","slug":"dl3nbm-silent-key","status":"publish","type":"page","link":"https:\/\/www.b26-forchheim.de\/index.php\/ov-chronik\/dl3nbm-silent-key","title":{"rendered":"DL3NBM &#8211; Silent Key"},"content":{"rendered":"<p>Der Ortsverband Forchheim trauert um seinen &#8222;<a href=\"http:\/\/www.b26-forchheim.de\/index.php\/34\/dl3nbm-geehrt-der-gute-geist-im-ov\">guten Geist im OV<\/a>&#8220; und langj\u00e4hrigen QSL- und Diplom-Manager<\/p>\n<p>OM Friedrich &#8222;Fritz&#8220; Wendler, DL3NBM.<\/p>\n<p>Fritz verstarb nach l\u00e4ngerem Krankenhausaufenthalt in der Nacht zum 12. Juli 2007 im Klinikum N\u00fcrnberg-Nord im Alter von 77 Jahren.<\/p>\n<p><img loading=\"lazy\" decoding=\"async\" class=\"size-full wp-image-968 alignleft\" title=\"bild_dl3nbm\" src=\"http:\/\/www.b26-forchheim.de\/wp-content\/uploads\/2012\/11\/bild_dl3nbm.jpg\" alt=\"\" width=\"285\" height=\"407\" srcset=\"https:\/\/www.b26-forchheim.de\/wp-content\/uploads\/2012\/11\/bild_dl3nbm.jpg 285w, https:\/\/www.b26-forchheim.de\/wp-content\/uploads\/2012\/11\/bild_dl3nbm-210x300.jpg 210w\" sizes=\"auto, (max-width: 285px) 100vw, 285px\" \/><\/p>\n<p>Der Trauergottesdienst fand am Samstag, dem 14. Juli 2007, um 10.30 MESZ in der Pfarrkirche in Dormitz mit anschlie\u00dfender Beisetzung auf dem Dormitzer Friedhof\u00a0statt.<\/p>\n<p>Info: Michael, DG5NEW<\/p>\n","protected":false},"excerpt":{"rendered":"<p>Der Ortsverband Forchheim trauert um seinen &#8222;guten Geist im OV&#8220; und langj\u00e4hrigen QSL- und Diplom-Manager OM Friedrich &#8222;Fritz&#8220; Wendler, DL3NBM. Fritz verstarb nach l\u00e4ngerem Krankenhausaufenthalt in der Nacht zum 12. Juli 2007 im Klinikum N\u00fcrnberg-Nord im Alter von 77 Jahren. Der Trauergottesdienst fand am Samstag, dem 14. Juli 2007, um 10.30 MESZ in der Pfarrkirche [&hellip;]<\/p>\n","protected":false},"author":9,"featured_media":0,"parent":121,"menu_order":0,"comment_status":"closed","ping_status":"closed","template":"","meta":{"footnotes":""},"class_list":["post-967","page","type-page","status-publish","hentry"],"_links":{"self":[{"href":"https:\/\/www.b26-forchheim.de\/index.php\/wp-json\/wp\/v2\/pages\/967","targetHints":{"allow":["GET"]}}],"collection":[{"href":"https:\/\/www.b26-forchheim.de\/index.php\/wp-json\/wp\/v2\/pages"}],"about":[{"href":"https:\/\/www.b26-forchheim.de\/index.php\/wp-json\/wp\/v2\/types\/page"}],"author":[{"embeddable":true,"href":"https:\/\/www.b26-forchheim.de\/index.php\/wp-json\/wp\/v2\/users\/9"}],"replies":[{"embeddable":true,"href":"https:\/\/www.b26-forchheim.de\/index.php\/wp-json\/wp\/v2\/comments?post=967"}],"version-history":[{"count":14,"href":"https:\/\/www.b26-forchheim.de\/index.php\/wp-json\/wp\/v2\/pages\/967\/revisions"}],"predecessor-version":[{"id":974,"href":"https:\/\/www.b26-forchheim.de\/index.php\/wp-json\/wp\/v2\/pages\/967\/revisions\/974"}],"up":[{"embeddable":true,"href":"https:\/\/www.b26-forchheim.de\/index.php\/wp-json\/wp\/v2\/pages\/121"}],"wp:attachment":[{"href":"https:\/\/www.b26-forchheim.de\/index.php\/wp-json\/wp\/v2\/media?parent=967"}],"curies":[{"name":"wp","href":"https:\/\/api.w.org\/{rel}","templated":true}]}}