{"id":490,"date":"2019-07-08T09:33:18","date_gmt":"2019-07-08T07:33:18","guid":{"rendered":"http:\/\/www.b26-forchheim.de\/index.php\/startseite"},"modified":"2026-04-08T18:12:05","modified_gmt":"2026-04-08T16:12:05","slug":"startseite","status":"publish","type":"page","link":"https:\/\/www.b26-forchheim.de\/","title":{"rendered":"Startseite"},"content":{"rendered":"<h3><span style=\"color: #ff0000;\"><strong>N\u00e4chste Termine:<\/strong><\/span><\/h3>\n<ul>\n<li><span style=\"color: #ff0000;\"><strong>25. April 26<\/strong><\/span>: Der OV Forchheim beteiligt sich beim &#8222;<strong>Tag der Jugend<\/strong>&#8220; des KJR Forchheim auf dem Parkplatz des Landratsamts Forchheim (Streckerplatz) mit interessanten Aktionen f\u00fcr Kinder und Jugendliche. Start f\u00fcr Teilnehmer um 9:30 Uhr.<br \/>\nInfo auf\u00a0 Event-Webseite: https:\/\/www.forchheimer-kulturservice.de\/_plaza\/fokus.cfm?veranstaltungID=311027&amp;style=0<\/li>\n<\/ul>\n<p>&nbsp;<\/p>\n<ul>\n<li><span style=\"color: #ff0000;\"><strong>12. Mai 26<\/strong><\/span>: Wir treffen uns im &#8222;Gasthof\u00a0 zur Post&#8220;, Hauptstr. 11 in 91090 Effeltrich zum <strong>Ortsverbandsabend<\/strong>.<br \/>\nAn Funktechnik interessierte G\u00e4ste sind immer herzlich willkommen.<\/li>\n<\/ul>\n<h6>aktualisiert 08.04.2026<\/h6>\n<hr \/>\n<p><span style=\"text-decoration: underline;\"><strong>Der Ortsverband Forchheim stellt sich vor:<\/strong><\/span><\/p>\n<p>Der Ortsverband Forchheim des Deutschen Amateur Radio Club e.V. (DARC e.V.) wurde im Januar 1966 gegr\u00fcndet und feiert dieses Jahr das 60. Gr\u00fcndungsjubil\u00e4um.<\/p>\n<p>Mit Stand vom Januar 2026 geh\u00f6ren unserem Ortsverband 113 Mitglieder an. Der Anteil j\u00fcngerer Mitglieder (bis 27 Jahre) betr\u00e4gt aktuell noch etwa 4%. Entgegen der allgemeinen Entwicklung k\u00f6nnen wir, trotz allgemein nachlassendem Interesse am Amateurfunk und technischen Hobbies, unsere Mitgliederzahl, auch durch Unterst\u00fctzung der Ausbildung neuer Funkamateure, weiter halten.<\/p>\n<p style=\"text-align: center;\"><img decoding=\"async\" src=\"http:\/\/www.b26-forchheim.de\/wp-content\/uploads\/2008\/02\/karte.jpg\" alt=\"Karte von Bayern - OV B26\" width=\"350\" \/><\/p>\n<p>Aktivit\u00e4ten unseres Ortsverbandes:<\/p>\n<ul>\n<li>Teilnahme an Funkaktivit\u00e4ten wie Funkwettbewerben und Fuchsjagden etc.<\/li>\n<li>Ausrichtung von Mobilwettbewerben.<\/li>\n<li>Ausrichtung der Feldtage (Fieldday) meist im Juli mit dem Aufbau von Antennensystemen und autarker Stromversorgung zum Funkbetrieb in freier Natur.<\/li>\n<li>Vortr\u00e4ge zu funk- und funkbetriebstechnischen Themen.<\/li>\n<li>Die Erstellung von Mess- und Hilfsmitteln f\u00fcr die Funkstation in gemeinsamen Selbstbauaktionen.<\/li>\n<li><span style=\"text-decoration: underline;\"><strong>OV Abend:<\/strong><\/span><br \/>\nJeden zweiten Dienstag eines Monates treffen sich die Mitglieder und Freunde des OV Forchheim ab 18:00 Uhr (ab 19:00 Uhr Infoteil) im Gasthof\u00a0 &#8222;Zur Post&#8220; in 91090 Effeltrich, Hauptstr.11. Zu diesen &#8222;OV-Abenden&#8220; sind nat\u00fcrlich auch Nichtmitglieder gern gesehene G\u00e4ste!<\/li>\n<li><span style=\"text-decoration: underline;\"><strong>Technikabend:<\/strong><\/span><br \/>\nIn unregelm\u00e4\u00dfiger Reihenfolge treffen sich bei gen\u00fcgendem Interesse Technikinteressierte zum &#8222;Technikabend&#8220;.<\/li>\n<li><span style=\"text-decoration: underline;\"><strong>OV Frequenzen:<\/strong><\/span>\n<ul>\n<li>Auf dem 2m-Band:\u00a0\u00a0\u00a0\u00a0 145,475 MHz (FM)<\/li>\n<li>Auf dem 70cm-Band:\u00a0 430,200 MHz (FM)<\/li>\n<li>Packet-Radio Digipeater DB0FOR (Standort JN59MO)<\/li>\n<li>Benutzerzugang 70cm simplex\u00a0\u00a0\u00a0\u00a0 \/ 1200 Bps:\u00a0\u00a0 RX \/ TX 438,050 MHz<\/li>\n<li>Benutzerzugang 70cm vollduplex \/ 9600 Bps:\u00a0\u00a0 RX 430,525 MHz \/ TX 439,925 MHz (-9,4 MHz Shift)<\/li>\n<li>Benutzerzugang 23cm vollduplex \/ 9600 Bps:\u00a0\u00a0 RX 1270,875 MHz \/ TX 1242,875 MHz<\/li>\n<li>Packet-Radio Mailbox : DB0FOR-8<\/li>\n<li>APRS Internet-Gateway und Wetterstation 144,800 MHz<\/li>\n<li>LoRa APRS I-Gates im gesamten OV-Gebiet verf\u00fcgbar<\/li>\n<\/ul>\n<\/li>\n<\/ul>\n<p><span style=\"text-decoration: underline;\"><strong>Mehr Informationen \u00fcber den\u00a0Amateurfunk und den OV B26?<\/strong><\/span><\/p>\n<p>Wenn Sie mehr \u00fcber den Amateurfunk wissen wollen, dann besuchen Sie uns doch einmal an einem der OV-Abende!<\/p>\n<p>Oder setzen Sie sich mit unserem Ortsverband-Vorsitzenden (OVV) Christoph Reck (Rufzeichen: DL7CR) per eMail dl7cr(at)darc.de in Verbindung.<\/p>\n","protected":false},"excerpt":{"rendered":"<p>N\u00e4chste Termine: 25. April 26: Der OV Forchheim beteiligt sich beim &#8222;Tag der Jugend&#8220; des KJR Forchheim auf dem Parkplatz des Landratsamts Forchheim (Streckerplatz) mit interessanten Aktionen f\u00fcr Kinder und Jugendliche. Start f\u00fcr Teilnehmer um 9:30 Uhr. Info auf\u00a0 Event-Webseite: https:\/\/www.forchheimer-kulturservice.de\/_plaza\/fokus.cfm?veranstaltungID=311027&amp;style=0 &nbsp; 12. Mai 26: Wir treffen uns im &#8222;Gasthof\u00a0 zur Post&#8220;, Hauptstr. 11 in [&hellip;]<\/p>\n","protected":false},"author":6,"featured_media":0,"parent":0,"menu_order":0,"comment_status":"closed","ping_status":"closed","template":"","meta":{"footnotes":""},"class_list":["post-490","page","type-page","status-publish","hentry"],"_links":{"self":[{"href":"https:\/\/www.b26-forchheim.de\/index.php\/wp-json\/wp\/v2\/pages\/490","targetHints":{"allow":["GET"]}}],"collection":[{"href":"https:\/\/www.b26-forchheim.de\/index.php\/wp-json\/wp\/v2\/pages"}],"about":[{"href":"https:\/\/www.b26-forchheim.de\/index.php\/wp-json\/wp\/v2\/types\/page"}],"author":[{"embeddable":true,"href":"https:\/\/www.b26-forchheim.de\/index.php\/wp-json\/wp\/v2\/users\/6"}],"replies":[{"embeddable":true,"href":"https:\/\/www.b26-forchheim.de\/index.php\/wp-json\/wp\/v2\/comments?post=490"}],"version-history":[{"count":119,"href":"https:\/\/www.b26-forchheim.de\/index.php\/wp-json\/wp\/v2\/pages\/490\/revisions"}],"predecessor-version":[{"id":3537,"href":"https:\/\/www.b26-forchheim.de\/index.php\/wp-json\/wp\/v2\/pages\/490\/revisions\/3537"}],"wp:attachment":[{"href":"https:\/\/www.b26-forchheim.de\/index.php\/wp-json\/wp\/v2\/media?parent=490"}],"curies":[{"name":"wp","href":"https:\/\/api.w.org\/{rel}","templated":true}]}}