{"id":382,"date":"2011-02-03T13:57:11","date_gmt":"2011-02-03T12:57:11","guid":{"rendered":"http:\/\/www.b26-forchheim.de\/index.php\/ausbildung-und-nachwuchsforderung"},"modified":"2026-04-02T13:48:24","modified_gmt":"2026-04-02T11:48:24","slug":"ausbildung-und-nachwuchsforderung","status":"publish","type":"page","link":"https:\/\/www.b26-forchheim.de\/index.php\/ausbildung-und-nachwuchsforderung","title":{"rendered":"Amateurfunk Ausbildung"},"content":{"rendered":"<h2><span lang=\"DE\"><span style=\"text-decoration: underline;\">Ausbildung zum Funkamateur &#8211; Schulung ohne Pr\u00e4senzlehrgang:<\/span><\/span><\/h2>\n<p><span lang=\"DE\"><br \/>\nSeit einigen Jahren bietet der Ortsverband Forchheim B26 sehr erfolgreich die Unterst\u00fctzung bei der Ausbildung zu gepr\u00fcften Funkamateuren in Form der Betreuung von Teilnehmern des DARC Fernlehrgangs &#8222;<a href=\"https:\/\/50ohm.de\/\">50ohm<\/a>&#8220; an.<br \/>\nRegelm\u00e4\u00dfig lernen\u00a0Kandidaten f\u00fcr die Pr\u00fcfung zur &#8222;Genehmigung zur Teilnahme am Amateurfunkverkehr&#8220;.\u00a0<\/span><span lang=\"DE\">Durch die Individuelle Betreuung mit Lernbriefen per Email k\u00f6nnen neue Interessenten jederzeit einsteigen, und das Lernpensum ganz nach den eigenen W\u00fcnschen und Zeitvorat dosieren. <\/span><span lang=\"DE\">Dabei werden sowohl die Genehmigungsklasse &#8222;A&#8220; als auch &#8222;E&#8220; und &#8222;N&#8220; ausgebildet. <\/span><\/p>\n<p><span lang=\"DE\">Die Teilnahme an dem Lehrgang ist f\u00fcr Mitglieder des DARC e.V. sogar v\u00f6llig kostenlos.<br \/>\n(Mitgliedsbeitrag seit 1.1.2022: Erwachsene 105,00 EUR \/ Jugendliche bis 18\u00a0 Jahre 36,00 EUR \/ Sch\u00fcler \/ Azubi\/ Studenten 18 &#8211; 25 Jahre 52,80 EUR\u00a0\u00a0pro Jahr \/ es kann einmalig f\u00fcr 6 Monate eine kostenlose Gastmitgliedschaft erlangt werden.).<br \/>\nNur die Kosten f\u00fcr die begleitend empfohlene Fachliteratur (Buch \/ App \/ Trainingswebseite <a href=\"https:\/\/50ohm.de\/\">https:\/\/50ohm.de\/<\/a> und die Pr\u00fcfungsgeb\u00fchren der Bundesnetzagentur (BNetzA) tr\u00e4gt der Teilnehmer.<br \/>\n<\/span><span lang=\"DE\">Weitergehende Informationen direkt beim Ortsverbandsvorsitzenden<\/span><span lang=\"DE\">.<\/span><\/p>\n<p><span lang=\"DE\">Interessenten wenden sich bitte an den Ortsverbandsvorsitzenden Christoph Reck dl7cr(at)darc.de\u00a0<\/span><\/p>\n","protected":false},"excerpt":{"rendered":"<p>Ausbildung zum Funkamateur &#8211; Schulung ohne Pr\u00e4senzlehrgang: Seit einigen Jahren bietet der Ortsverband Forchheim B26 sehr erfolgreich die Unterst\u00fctzung bei der Ausbildung zu gepr\u00fcften Funkamateuren in Form der Betreuung von Teilnehmern des DARC Fernlehrgangs &#8222;50ohm&#8220; an. Regelm\u00e4\u00dfig lernen\u00a0Kandidaten f\u00fcr die Pr\u00fcfung zur &#8222;Genehmigung zur Teilnahme am Amateurfunkverkehr&#8220;.\u00a0Durch die Individuelle Betreuung mit Lernbriefen per Email k\u00f6nnen [&hellip;]<\/p>\n","protected":false},"author":8,"featured_media":0,"parent":0,"menu_order":1,"comment_status":"closed","ping_status":"closed","template":"","meta":{"footnotes":""},"class_list":["post-382","page","type-page","status-publish","hentry"],"_links":{"self":[{"href":"https:\/\/www.b26-forchheim.de\/index.php\/wp-json\/wp\/v2\/pages\/382","targetHints":{"allow":["GET"]}}],"collection":[{"href":"https:\/\/www.b26-forchheim.de\/index.php\/wp-json\/wp\/v2\/pages"}],"about":[{"href":"https:\/\/www.b26-forchheim.de\/index.php\/wp-json\/wp\/v2\/types\/page"}],"author":[{"embeddable":true,"href":"https:\/\/www.b26-forchheim.de\/index.php\/wp-json\/wp\/v2\/users\/8"}],"replies":[{"embeddable":true,"href":"https:\/\/www.b26-forchheim.de\/index.php\/wp-json\/wp\/v2\/comments?post=382"}],"version-history":[{"count":39,"href":"https:\/\/www.b26-forchheim.de\/index.php\/wp-json\/wp\/v2\/pages\/382\/revisions"}],"predecessor-version":[{"id":3529,"href":"https:\/\/www.b26-forchheim.de\/index.php\/wp-json\/wp\/v2\/pages\/382\/revisions\/3529"}],"wp:attachment":[{"href":"https:\/\/www.b26-forchheim.de\/index.php\/wp-json\/wp\/v2\/media?parent=382"}],"curies":[{"name":"wp","href":"https:\/\/api.w.org\/{rel}","templated":true}]}}