{"id":3195,"date":"2019-01-18T08:52:25","date_gmt":"2019-01-18T07:52:25","guid":{"rendered":"http:\/\/www.b26-forchheim.de\/?page_id=3195"},"modified":"2019-01-18T10:02:01","modified_gmt":"2019-01-18T09:02:01","slug":"dj7wk-silent-key","status":"publish","type":"page","link":"https:\/\/www.b26-forchheim.de\/index.php\/ov-chronik\/dj7wk-silent-key","title":{"rendered":"DJ7WK &#8211; Silent Key"},"content":{"rendered":"<p>Am 28.12.2018 verstarb Siegfried Rind DJ7WK nach l\u00e4ngerer Krankheit im Alter von 86 Jahren.<\/p>\n<p><a href=\"http:\/\/www.b26-forchheim.de\/wp-content\/uploads\/2019\/01\/DJ7WK_01_2013_Ausschnitt_final-Kopie.jpg\"><img loading=\"lazy\" decoding=\"async\" class=\"aligncenter size-medium wp-image-3205\" src=\"http:\/\/www.b26-forchheim.de\/wp-content\/uploads\/2019\/01\/DJ7WK_01_2013_Ausschnitt_final-Kopie-225x300.jpg\" alt=\"\" width=\"225\" height=\"300\" srcset=\"https:\/\/www.b26-forchheim.de\/wp-content\/uploads\/2019\/01\/DJ7WK_01_2013_Ausschnitt_final-Kopie-225x300.jpg 225w, https:\/\/www.b26-forchheim.de\/wp-content\/uploads\/2019\/01\/DJ7WK_01_2013_Ausschnitt_final-Kopie.jpg 598w\" sizes=\"auto, (max-width: 225px) 100vw, 225px\" \/><\/a><\/p>\n<p>Siegfried war ein leidenschaftlicher Funkamateur und wie man heute so sagt, ein \u201eMacher\u201c.<\/p>\n<p>Er trat am 1. April 1962 in den Deutschen Amateur Radio Club (OV Erlangen B08)\u00a0ein und war 1965 Mitinitiator der Gr\u00fcndung des Ortsverband Forchheim, die am 22.1.1966 mit 21 Mitgliedern erfolgte.<br \/>\nIm M\u00e4rz 1969 \u00fcbernahm er den OV-Vorsitz den er dann auch 17 Jahre ununterbrochen bis 1986 mit gro\u00dfem Engagement und Geschick aus\u00fcbte.<br \/>\n1984 wurde ihm f\u00fcr seinen au\u00dfergew\u00f6hnlichen Einsatz in OV und Distrikt die Ehrennadel Nr. 10 des Distrikt Franken (B) verliehen.<\/p>\n<p>2012 durfte ich Siegfried die goldene Ehrennadel des Deutschen Amateur Radio Club f\u00fcr 50 Jahre ununterbrochener Mitgliedschaft \u00fcberreichen.<\/p>\n<p>Seiner akribischen Vorarbeit mit der Sammlung aller relevanten Dokumente der Anfangszeit ist es auch zu verdanken, dass wir 2016 zum 50. Gr\u00fcndungsjubil\u00e4um des OV Forchheim eine sehr detaillierte Chronik mit vielen historischen Fotos und Fakten erstellen konnten.<br \/>\nEr lie\u00df es sich nicht nehmen, zur Distriksversammlung die anl\u00e4\u00dflich\u00a0unseres 50. Gr\u00fcndungsjubil\u00e4ums am 30.10.2016\u00a0im Gasthof Kronengarten in Forchheim stattfand, teilzunehmen.<\/p>\n<p>Leider konnte er krankheitsbedingt im letzten Jahr nicht mehr am OV-Leben teilnehmen.<br \/>\nAm 8. Januar 2019 fanden Trauerfeier und Beisetzung in seinem Heimatort Kersbach mit\u00a0Anwesenheit zahlreicher Funkamateure aus dem Ortsverband\u00a0statt.<\/p>\n<p>Wir werden immer mit unseren Herzen mit Siegfried in Verbindung sein.<\/p>\n<p>Peter Ahrbecker<br \/>\nOrtsverbandvorsitzender<\/p>\n<p>Info 10.1.2019:\u00a0dk8af@darc.de<\/p>\n","protected":false},"excerpt":{"rendered":"<p>Am 28.12.2018 verstarb Siegfried Rind DJ7WK nach l\u00e4ngerer Krankheit im Alter von 86 Jahren. Siegfried war ein leidenschaftlicher Funkamateur und wie man heute so sagt, ein \u201eMacher\u201c. Er trat am 1. April 1962 in den Deutschen Amateur Radio Club (OV Erlangen B08)\u00a0ein und war 1965 Mitinitiator der Gr\u00fcndung des Ortsverband Forchheim, die am 22.1.1966 mit [&hellip;]<\/p>\n","protected":false},"author":8,"featured_media":0,"parent":121,"menu_order":6,"comment_status":"closed","ping_status":"closed","template":"","meta":{"footnotes":""},"class_list":["post-3195","page","type-page","status-publish","hentry"],"_links":{"self":[{"href":"https:\/\/www.b26-forchheim.de\/index.php\/wp-json\/wp\/v2\/pages\/3195","targetHints":{"allow":["GET"]}}],"collection":[{"href":"https:\/\/www.b26-forchheim.de\/index.php\/wp-json\/wp\/v2\/pages"}],"about":[{"href":"https:\/\/www.b26-forchheim.de\/index.php\/wp-json\/wp\/v2\/types\/page"}],"author":[{"embeddable":true,"href":"https:\/\/www.b26-forchheim.de\/index.php\/wp-json\/wp\/v2\/users\/8"}],"replies":[{"embeddable":true,"href":"https:\/\/www.b26-forchheim.de\/index.php\/wp-json\/wp\/v2\/comments?post=3195"}],"version-history":[{"count":10,"href":"https:\/\/www.b26-forchheim.de\/index.php\/wp-json\/wp\/v2\/pages\/3195\/revisions"}],"predecessor-version":[{"id":3216,"href":"https:\/\/www.b26-forchheim.de\/index.php\/wp-json\/wp\/v2\/pages\/3195\/revisions\/3216"}],"up":[{"embeddable":true,"href":"https:\/\/www.b26-forchheim.de\/index.php\/wp-json\/wp\/v2\/pages\/121"}],"wp:attachment":[{"href":"https:\/\/www.b26-forchheim.de\/index.php\/wp-json\/wp\/v2\/media?parent=3195"}],"curies":[{"name":"wp","href":"https:\/\/api.w.org\/{rel}","templated":true}]}}