{"id":2870,"date":"2016-04-25T19:05:56","date_gmt":"2016-04-25T17:05:56","guid":{"rendered":"http:\/\/www.b26-forchheim.de\/?page_id=2870"},"modified":"2017-06-05T18:30:21","modified_gmt":"2017-06-05T16:30:21","slug":"archiv-2015","status":"publish","type":"page","link":"https:\/\/www.b26-forchheim.de\/index.php\/mobilwettbewerb\/archiv-2015","title":{"rendered":"Archiv 2015"},"content":{"rendered":"<h2><span style=\"text-decoration: underline;\"><strong>Mobilwettbewerbe 2015 im Distrikt Franken<\/strong><\/span><\/h2>\n<p><span style=\"text-decoration: underline;\"><strong>\u00a0Folgend die Daten der diesj\u00e4hrigen fr\u00e4nkischen Mobilwettbewerbe:<\/strong><\/span><\/p>\n<h3><span style=\"text-decoration: underline;\">11. Oktober 2015 &#8211; Zwei Mobilwettbewerbe zum Saisonabschlu\u00df in Franken<\/span><\/h3>\n<p>Veranstalter:\u00a0 Distrikt Franken<br \/>\nDATUM:\u00a0\u00a0\u00a0\u00a0\u00a0\u00a0\u00a0\u00a0 11.10.2015<br \/>\nUhrzeit (UTC): 09:00 &#8211; 10:00<br \/>\nBand:\u00a0\u00a0\u00a0\u00a0\u00a0\u00a0\u00a0\u00a0\u00a0\u00a0\u00a0\u00a0\u00a0\u00a0 10 m<br \/>\nOrt:\u00a0\u00a0\u00a0\u00a0\u00a0\u00a0\u00a0\u00a0\u00a0\u00a0\u00a0\u00a0\u00a0\u00a0\u00a0\u00a0\u00a0\u00a0\u00a0 Forchheim<br \/>\nUnterlagen:\u00a0\u00a0\u00a0 P.Ahrbecker, DK8AF<br \/>\nAm Hager Bichel 2<br \/>\n91330 Eggolsheim<br \/>\nE-Mail:\u00a0\u00a0\u00a0\u00a0\u00a0\u00a0\u00a0\u00a0\u00a0\u00a0\u00a0\u00a0 <a href=\"mailto:dk8af@darc.de\">dk8af@darc.de<\/a><br \/>\nHinweise:\u00a0\u00a0\u00a0\u00a0\u00a0 Anreisewettbewerb<\/p>\n<p>Veranstalter:\u00a0 Distrikt Franken<br \/>\nDATUM:\u00a0\u00a0\u00a0\u00a0\u00a0\u00a0\u00a0\u00a0 11.10.2015<br \/>\nUhrzeit (UTC): 11:30 &#8211; 13:00<br \/>\nBand:\u00a0\u00a0\u00a0\u00a0\u00a0\u00a0\u00a0\u00a0\u00a0\u00a0\u00a0\u00a0\u00a0\u00a0\u00a0 10 m<br \/>\nOrt:\u00a0\u00a0\u00a0\u00a0\u00a0\u00a0\u00a0\u00a0\u00a0\u00a0\u00a0\u00a0\u00a0\u00a0\u00a0\u00a0\u00a0\u00a0\u00a0 Forchheim<br \/>\nUnterlagen:\u00a0\u00a0\u00a0 P. Ahrbecker, DK8AF<br \/>\nAm Hager Bichel 2<br \/>\n91330 Eggolsheim<br \/>\nE-Mail:\u00a0\u00a0\u00a0\u00a0\u00a0\u00a0\u00a0\u00a0\u00a0\u00a0\u00a0\u00a0 <a href=\"mailto:dk8af@darc.de\">dk8af@darc.de<\/a><br \/>\nHinweise:\u00a0\u00a0\u00a0\u00a0\u00a0\u00a0\u00a0 Hauptwettbewerb<\/p>\n<p>Die Wettbewerbsunterlagen zu den Mobilwettbewerben im Raum Forchheim sind\u00a0folgend zum Ansehen und Ausdrucken zu finden:<\/p>\n<p>2015_10_11_Mobilwettbewerbe_Forchheim_Ausschreibung\u00a0:<\/p>\n<p><a href=\"http:\/\/www.b26-forchheim.de\/wp-content\/uploads\/2008\/10\/2015_10_11_Ausschreibung_B26-Mobilwettbewerbe.pdf\">2015_10_11_Ausschreibung_B26-Mobilwettbewerbe<\/a><br \/>\n<a href=\"http:\/\/www.b26-forchheim.de\/wp-content\/uploads\/2008\/10\/Mobilwettbewerb_Log_Franken2.pdf\" target=\"_blank\">Mobilwettbewerb_Log_Franken<\/a><br \/>\n<a href=\"http:\/\/www.b26-forchheim.de\/wp-content\/uploads\/2008\/10\/Oft_gestellte_Fragen_zu_Mobilwettbewerben.pdf\" target=\"_blank\">Oft_gestellte_Fragen_zu_Mobilwettbewerben<\/a><\/p>\n<p>Ein Kartenausschnitt mit den vorgesehenen Kontrollpunkten und dem Treffpunkt sind bei <a href=\"mailto:dk8af@darc.de\">dk8af@darc.de<\/a> per Email erh\u00e4ltlich.<\/p>\n<h3><span style=\"text-decoration: underline;\">16. August 2015 &#8211; Zwei Mobilwettbewerbe zum Jugendfieldday\u00a0DA0YFD<\/span><\/h3>\n<p>Veranstalter:\u00a0 DARC Referat Ausbildung, Jugend- und Weiterbildung (AJW)<br \/>\nDATUM:\u00a0\u00a0\u00a0\u00a0\u00a0\u00a0\u00a0\u00a0 16.08.2015<br \/>\nUhrzeit (UTC): 09:00 &#8211; 10:00<br \/>\nBand:\u00a0\u00a0\u00a0\u00a0\u00a0\u00a0\u00a0\u00a0\u00a0\u00a0\u00a0\u00a0\u00a0\u00a0\u00a0 10 m<br \/>\nOrt:\u00a0\u00a0\u00a0\u00a0\u00a0\u00a0\u00a0\u00a0\u00a0\u00a0\u00a0\u00a0\u00a0\u00a0\u00a0\u00a0\u00a0\u00a0\u00a0 Erlangen \/ Marloffstein<br \/>\nUnterlagen:\u00a0\u00a0\u00a0 P. Ahrbecker, DK8AF<br \/>\nAm Hager Bichel 2<br \/>\n91330 Eggolsheim<br \/>\nE-Mail:\u00a0\u00a0\u00a0\u00a0\u00a0\u00a0\u00a0\u00a0\u00a0\u00a0\u00a0\u00a0 <a href=\"mailto:dk8af@darc.de\">dk8af@darc.de<\/a><br \/>\nHinweise:\u00a0\u00a0\u00a0\u00a0\u00a0 Anreise Jugendfieldday<\/p>\n<p>&nbsp;<\/p>\n<p>Veranstalter:\u00a0\u00a0DARC Referat Ausbildung, Jugend- und Weiterbildung (AJW)<br \/>\nDATUM:\u00a0\u00a0\u00a0\u00a0\u00a0\u00a0\u00a0\u00a0 16.08.2015<br \/>\nUhrzeit (UTC): 13:00 &#8211; 14:30<br \/>\nBand:\u00a0\u00a0\u00a0\u00a0\u00a0\u00a0\u00a0\u00a0\u00a0\u00a0\u00a0\u00a0\u00a0\u00a0\u00a0 70 cm<br \/>\nOrt:\u00a0\u00a0\u00a0\u00a0\u00a0\u00a0\u00a0\u00a0\u00a0\u00a0\u00a0\u00a0\u00a0\u00a0\u00a0\u00a0\u00a0\u00a0\u00a0 Erlangen \/ Marloffstein<br \/>\nUnterlagen:\u00a0\u00a0\u00a0 P.Ahrbecker, DK8AF<br \/>\nAm Hager Bichel 2<br \/>\n91330 Eggolsheim<br \/>\nE-Mail:\u00a0\u00a0\u00a0\u00a0\u00a0\u00a0\u00a0\u00a0\u00a0\u00a0\u00a0 <a href=\"mailto:dk8af@darc.de\">dk8af@darc.de<\/a><br \/>\nHinweise:\u00a0\u00a0\u00a0\u00a0\u00a0 Hauptwettb. Jugendfieldday<\/p>\n<p>&nbsp;<\/p>\n<p>Die Wettbewerbsunterlagen zu den Jugendfieldday-Mobilwettbewerben sind\u00a0folgend zum Ansehen und Ausdrucken zu finden:<\/p>\n<p>&nbsp;<\/p>\n<p>2014_DA0YFD_Mobilwettbewerb-Ausschreibung<\/p>\n<p><a href=\"http:\/\/www.b26-forchheim.de\/wp-content\/uploads\/2008\/10\/2015_DA0YFD-Mobi-Ausschreibung.pdf\">2015_DA0YFD-Mobi-Ausschreibung<\/a><\/p>\n<p><a href=\"http:\/\/www.b26-forchheim.de\/wp-content\/uploads\/2008\/10\/2013_Kartenausschnitt_Mobilwettbewerbe_DA0YFD.pdf\" target=\"_blank\">2014_Kartenausschnitt_Mobilwettbewerbe_DA0YFD<\/a><\/p>\n<p>&nbsp;<\/p>\n<p style=\"text-decoration: underline;\">Die komplette Liste, aller beim DARC angemeldeten Mobilwettbewerbstermine, unter:<br \/>\n<a href=\"http:\/\/www.darc.de\/referate\/ukw-funksport\/terminemobil\/\" target=\"_blank\">http:\/\/www.darc.de\/referate\/ukw-funksport\/terminemobil\/<\/a><\/p>\n<p>und die Ergebnisse der Mobilwettbewerbe unter:<\/p>\n<p><a href=\"http:\/\/www.darc.de\/referate\/ukw-funksport\/ergebnismobil0\/\" target=\"_blank\">http:\/\/www.darc.de\/referate\/ukw-funksport\/ergebnismobil0\/<\/a><br \/>\n________________________________________________<\/p>\n<p><strong><span style=\"text-decoration: underline;\">Erfolgreiche Teilnehmer des OV Forchheim und des Distrikt Franken bei den Mobilwettbewerben im Jahr 2014<\/span><\/strong><\/p>\n<p align=\"left\">\u201ePunktbester Teilnehmer bei fr\u00e4nkischen Mobilwettbewerben 2014\u201c<\/p>\n<p align=\"left\">Auch im Jahr 2014 hat sich bei den vier fr\u00e4nkischen wieder ein Teilnehmer als flei\u00dfigster Punktesammler hervor getan.<br \/>\nEs ist dieses\u00a0Jahr <span style=\"text-decoration: underline;\">erstmalig Dieter DG2NBN aus B26.<em>\u00a0\u00a0\u00a0 \u00a0Details folgen in K\u00fcrze<\/em><\/span><\/p>\n<h2 align=\"left\"><span style=\"text-decoration: underline;\">DARC Jahresmeisterschaft der Mobilmeister (JMM):<\/span><\/h2>\n<p align=\"left\">Die Jahresmeisterschaft der Mobilmeister erbrachte in 2014 ein, f\u00fcr den Distrikt Franken wieder ein hervorragendes Endergebnis.\u00a0Zum zweiten Mal hintereinander konnten der\u00a0Distrikt Franken\u00a0die ersten drei Pl\u00e4tze\u00a0in der DL-weiten Wertung erringen.<\/p>\n<p>Die Preistr\u00e4ger sind:<br \/>\n<span style=\"font-family: Arial; font-size: small;\"><span style=\"font-family: Arial; font-size: small;\">1. Platz \u2013 Dieter DG2NBN (B26)<br \/>\n<\/span><\/span><span style=\"font-family: Arial; font-size: small;\"><span style=\"font-family: Arial; font-size: small;\">2. Platz \u2013\u00a0Dieter DB1DH (B26)\u00a0\u00a0 und punktgleich ebenfalls<br \/>\n2<\/span><\/span><span style=\"font-family: Arial; font-size: small;\">. Platz \u2013 J\u00f6rg DG4NDV (B30)<\/span><\/p>\n<p align=\"left\">Auf der Mitgliederversammlung des OV Forchheim am 10.M\u00e4rz 2015\u00a0fand\u00a0die \u00dcbergabe der individuell bestickten Jahresmeister-Wimpel statt.<br \/>\nFolgend das Bild der Gewinner bei der \u00dcbergabe:<\/p>\n<p align=\"left\"><em>Foto folgt<\/em><\/p>\n<p align=\"left\">Erstellt 23.04.2015: Peter <a href=\"mailto:dk8af@darc.de\">dk8af@darc.de<\/a><\/p>\n","protected":false},"excerpt":{"rendered":"<p>Mobilwettbewerbe 2015 im Distrikt Franken \u00a0Folgend die Daten der diesj\u00e4hrigen fr\u00e4nkischen Mobilwettbewerbe: 11. Oktober 2015 &#8211; Zwei Mobilwettbewerbe zum Saisonabschlu\u00df in Franken Veranstalter:\u00a0 Distrikt Franken DATUM:\u00a0\u00a0\u00a0\u00a0\u00a0\u00a0\u00a0\u00a0 11.10.2015 Uhrzeit (UTC): 09:00 &#8211; 10:00 Band:\u00a0\u00a0\u00a0\u00a0\u00a0\u00a0\u00a0\u00a0\u00a0\u00a0\u00a0\u00a0\u00a0\u00a0 10 m Ort:\u00a0\u00a0\u00a0\u00a0\u00a0\u00a0\u00a0\u00a0\u00a0\u00a0\u00a0\u00a0\u00a0\u00a0\u00a0\u00a0\u00a0\u00a0\u00a0 Forchheim Unterlagen:\u00a0\u00a0\u00a0 P.Ahrbecker, DK8AF Am Hager Bichel 2 91330 Eggolsheim E-Mail:\u00a0\u00a0\u00a0\u00a0\u00a0\u00a0\u00a0\u00a0\u00a0\u00a0\u00a0\u00a0 dk8af@darc.de Hinweise:\u00a0\u00a0\u00a0\u00a0\u00a0 Anreisewettbewerb Veranstalter:\u00a0 Distrikt Franken DATUM:\u00a0\u00a0\u00a0\u00a0\u00a0\u00a0\u00a0\u00a0 11.10.2015 [&hellip;]<\/p>\n","protected":false},"author":8,"featured_media":0,"parent":164,"menu_order":1,"comment_status":"closed","ping_status":"closed","template":"","meta":{"footnotes":""},"class_list":["post-2870","page","type-page","status-publish","hentry"],"_links":{"self":[{"href":"https:\/\/www.b26-forchheim.de\/index.php\/wp-json\/wp\/v2\/pages\/2870","targetHints":{"allow":["GET"]}}],"collection":[{"href":"https:\/\/www.b26-forchheim.de\/index.php\/wp-json\/wp\/v2\/pages"}],"about":[{"href":"https:\/\/www.b26-forchheim.de\/index.php\/wp-json\/wp\/v2\/types\/page"}],"author":[{"embeddable":true,"href":"https:\/\/www.b26-forchheim.de\/index.php\/wp-json\/wp\/v2\/users\/8"}],"replies":[{"embeddable":true,"href":"https:\/\/www.b26-forchheim.de\/index.php\/wp-json\/wp\/v2\/comments?post=2870"}],"version-history":[{"count":2,"href":"https:\/\/www.b26-forchheim.de\/index.php\/wp-json\/wp\/v2\/pages\/2870\/revisions"}],"predecessor-version":[{"id":2872,"href":"https:\/\/www.b26-forchheim.de\/index.php\/wp-json\/wp\/v2\/pages\/2870\/revisions\/2872"}],"up":[{"embeddable":true,"href":"https:\/\/www.b26-forchheim.de\/index.php\/wp-json\/wp\/v2\/pages\/164"}],"wp:attachment":[{"href":"https:\/\/www.b26-forchheim.de\/index.php\/wp-json\/wp\/v2\/media?parent=2870"}],"curies":[{"name":"wp","href":"https:\/\/api.w.org\/{rel}","templated":true}]}}