{"id":2549,"date":"2015-04-23T20:01:30","date_gmt":"2015-04-23T18:01:30","guid":{"rendered":"http:\/\/www.b26-forchheim.de\/?page_id=2549"},"modified":"2017-06-05T18:31:15","modified_gmt":"2017-06-05T16:31:15","slug":"archiv-2014","status":"publish","type":"page","link":"https:\/\/www.b26-forchheim.de\/index.php\/mobilwettbewerb\/archiv-2014","title":{"rendered":"Archiv 2014"},"content":{"rendered":"<h2><strong>Mobilwettbewerbe 2014 im Distrikt Franken<\/strong><\/h2>\n<p><strong>Bericht von den Mobilwettbewerben im Raum Forchheim im 10m Band<\/strong><\/p>\n<p>Am 12. Oktober 2014 fanden die letzten fr\u00e4nkischen Mobilwettbewerbe dieses Jahres im Bereich Baiersdorf\/Effeltrich statt.<\/p>\n<p>Bei sch\u00f6nstem Herbstwetter mit viel Sonnenschein konnten zahlreiche Teilnehmer am Start begr\u00fc\u00dft werden.<\/p>\n<p>Die Ergebnisse im Teilnehmerfeld waren sehr eng, so dass oft nur ein mehr gemachtes QSO den jeweils n\u00e4chsten Platz ausgemacht hat.<\/p>\n<p>Der \u201eAnreisewettbewerb im 10m Band\u201c lieferte folgende Resultate:<\/p>\n<table border=\"0\" width=\"451\" cellspacing=\"0\" cellpadding=\"0\">\n<tbody>\n<tr>\n<td valign=\"top\" width=\"45\">\n<p align=\"center\">Platz Nr.<\/p>\n<\/td>\n<td valign=\"top\" width=\"95\">\n<p align=\"center\">Rufzeichen<\/p>\n<\/td>\n<td valign=\"top\" width=\"69\">\n<p align=\"center\">Name<\/p>\n<\/td>\n<td valign=\"top\" width=\"48\">\n<p align=\"center\">DOK<\/p>\n<\/td>\n<td valign=\"top\" width=\"96\">\n<p align=\"center\">Wettbewerbs- punkte<\/p>\n<\/td>\n<td valign=\"top\" width=\"98\">\n<p align=\"center\">Plaketten-<br \/>\npunkte<\/p>\n<\/td>\n<\/tr>\n<tr>\n<td valign=\"top\" width=\"45\">\n<p align=\"center\">01<\/p>\n<\/td>\n<td valign=\"top\" width=\"95\">DB1DH<\/td>\n<td valign=\"top\" width=\"69\">Dieter<\/td>\n<td valign=\"top\" width=\"48\">B26<\/td>\n<td valign=\"top\" width=\"96\">\n<p align=\"center\">70<\/p>\n<\/td>\n<td valign=\"top\" width=\"98\">\n<p align=\"center\">10<\/p>\n<\/td>\n<\/tr>\n<tr>\n<td valign=\"top\" width=\"45\">\n<p align=\"center\">02<\/p>\n<\/td>\n<td valign=\"top\" width=\"95\">DG5NEW<\/td>\n<td valign=\"top\" width=\"69\">Michael<\/td>\n<td valign=\"top\" width=\"48\">B26<\/td>\n<td valign=\"top\" width=\"96\">\n<p align=\"center\">69<\/p>\n<\/td>\n<td valign=\"top\" width=\"98\">\n<p align=\"center\">9<\/p>\n<\/td>\n<\/tr>\n<tr>\n<td valign=\"top\" width=\"45\">\n<p align=\"center\">02<\/p>\n<\/td>\n<td valign=\"top\" width=\"95\">DO5NEN<\/td>\n<td valign=\"top\" width=\"69\">Claudia<\/td>\n<td valign=\"top\" width=\"48\">B26<\/td>\n<td valign=\"top\" width=\"96\">\n<p align=\"center\">69<\/p>\n<\/td>\n<td valign=\"top\" width=\"98\">\n<p align=\"center\">9<\/p>\n<\/td>\n<\/tr>\n<tr>\n<td valign=\"top\" width=\"45\">\n<p align=\"center\">04<\/p>\n<\/td>\n<td valign=\"top\" width=\"95\">DG2NBN<\/td>\n<td valign=\"top\" width=\"69\">Dieter<\/td>\n<td valign=\"top\" width=\"48\">B26<\/td>\n<td valign=\"top\" width=\"96\">\n<p align=\"center\">66<\/p>\n<\/td>\n<td valign=\"top\" width=\"98\">\n<p align=\"center\">7<\/p>\n<\/td>\n<\/tr>\n<tr>\n<td valign=\"top\" width=\"45\">\n<p align=\"center\">04<\/p>\n<\/td>\n<td valign=\"top\" width=\"95\">DO2NFS<\/td>\n<td valign=\"top\" width=\"69\">Florian<\/td>\n<td valign=\"top\" width=\"48\">B26<\/td>\n<td valign=\"top\" width=\"96\">\n<p align=\"center\">66<\/p>\n<\/td>\n<td valign=\"top\" width=\"98\">\n<p align=\"center\">7<\/p>\n<\/td>\n<\/tr>\n<tr>\n<td valign=\"top\" width=\"45\">\n<p align=\"center\">06<\/p>\n<\/td>\n<td valign=\"top\" width=\"95\">DO4CCC<\/td>\n<td valign=\"top\" width=\"69\">Thorsten<\/td>\n<td valign=\"top\" width=\"48\">B26<\/td>\n<td valign=\"top\" width=\"96\">\n<p align=\"center\">64<\/p>\n<\/td>\n<td valign=\"top\" width=\"98\">\n<p align=\"center\">5<\/p>\n<\/td>\n<\/tr>\n<tr>\n<td valign=\"top\" width=\"45\">\n<p align=\"center\">07<\/p>\n<\/td>\n<td valign=\"top\" width=\"95\">DG4NDV<\/td>\n<td valign=\"top\" width=\"69\">J\u00f6rg<\/td>\n<td valign=\"top\" width=\"48\">B30<\/td>\n<td valign=\"top\" width=\"96\">\n<p align=\"center\">62<\/p>\n<\/td>\n<td valign=\"top\" width=\"98\">\n<p align=\"center\">4<\/p>\n<\/td>\n<\/tr>\n<tr>\n<td valign=\"top\" width=\"45\">\n<p align=\"center\">07<\/p>\n<\/td>\n<td valign=\"top\" width=\"95\">DK2MC<\/td>\n<td valign=\"top\" width=\"69\">Christian<\/td>\n<td valign=\"top\" width=\"48\">B26<\/td>\n<td valign=\"top\" width=\"96\">\n<p align=\"center\">62<\/p>\n<\/td>\n<td valign=\"top\" width=\"98\">\n<p align=\"center\">4<\/p>\n<\/td>\n<\/tr>\n<tr>\n<td valign=\"top\" width=\"45\">\n<p align=\"center\">07<\/p>\n<\/td>\n<td valign=\"top\" width=\"95\">DK8AF<\/td>\n<td valign=\"top\" width=\"69\">Peter<\/td>\n<td valign=\"top\" width=\"48\">B26<\/td>\n<td valign=\"top\" width=\"96\">\n<p align=\"center\">62<\/p>\n<\/td>\n<td valign=\"top\" width=\"98\">\n<p align=\"center\">4<\/p>\n<\/td>\n<\/tr>\n<tr>\n<td valign=\"top\" width=\"45\">\n<p align=\"center\">10<\/p>\n<\/td>\n<td valign=\"top\" width=\"95\">DL1NKB<\/td>\n<td valign=\"top\" width=\"69\">Bernd<\/td>\n<td valign=\"top\" width=\"48\">B26<\/td>\n<td valign=\"top\" width=\"96\">\n<p align=\"center\">57<\/p>\n<\/td>\n<td valign=\"top\" width=\"98\">\n<p align=\"center\">4<\/p>\n<\/td>\n<\/tr>\n<tr>\n<td valign=\"top\" width=\"45\">\n<p align=\"center\">11<\/p>\n<\/td>\n<td valign=\"top\" width=\"95\">DB5CL<\/td>\n<td valign=\"top\" width=\"69\">Christian<\/td>\n<td valign=\"top\" width=\"48\">B16<\/td>\n<td valign=\"top\" width=\"96\">\n<p align=\"center\">45<\/p>\n<\/td>\n<td valign=\"top\" width=\"98\">\n<p align=\"center\">4<\/p>\n<\/td>\n<\/tr>\n<tr>\n<td valign=\"top\" width=\"45\">\n<p align=\"center\">11<\/p>\n<\/td>\n<td valign=\"top\" width=\"95\">DC1GD<\/td>\n<td valign=\"top\" width=\"69\">G\u00fcnter<\/td>\n<td valign=\"top\" width=\"48\">B26<\/td>\n<td valign=\"top\" width=\"96\">\n<p align=\"center\">45<\/p>\n<\/td>\n<td valign=\"top\" width=\"98\">\n<p align=\"center\">4<\/p>\n<\/td>\n<\/tr>\n<tr>\n<td valign=\"top\" width=\"45\">\n<p align=\"center\">13<\/p>\n<\/td>\n<td valign=\"top\" width=\"95\">DF1NAB<\/td>\n<td valign=\"top\" width=\"69\">Hans<\/td>\n<td valign=\"top\" width=\"48\">B26<\/td>\n<td valign=\"top\" width=\"96\">\n<p align=\"center\">11<\/p>\n<\/td>\n<td valign=\"top\" width=\"98\">\n<p align=\"center\">4<\/p>\n<\/td>\n<\/tr>\n<\/tbody>\n<\/table>\n<p>&nbsp;<\/p>\n<p>Beim gemeinsamen Mittagessen im B26 OV-Lokal \u201eZur Post\u201c in Effeltrich gab es wieder interessante Gespr\u00e4che rund um die Mobilwettbewerbe.<\/p>\n<p>&nbsp;<\/p>\n<p>Der \u201eHauptwettbewerb im 10m Band\u201c lieferte folgende Resultate:<\/p>\n<table border=\"0\" width=\"451\" cellspacing=\"0\" cellpadding=\"0\">\n<tbody>\n<tr>\n<td valign=\"top\" width=\"45\">\n<p align=\"center\">Platz Nr.<\/p>\n<\/td>\n<td valign=\"top\" width=\"95\">\n<p align=\"center\">Rufzeichen<\/p>\n<\/td>\n<td valign=\"top\" width=\"69\">\n<p align=\"center\">Name<\/p>\n<\/td>\n<td valign=\"top\" width=\"48\">\n<p align=\"center\">DOK<\/p>\n<\/td>\n<td valign=\"top\" width=\"96\">\n<p align=\"center\">Wettbewerbs- punkte<\/p>\n<\/td>\n<td valign=\"top\" width=\"98\">\n<p align=\"center\">Plaketten-<br \/>\npunkte<\/p>\n<\/td>\n<\/tr>\n<tr>\n<td valign=\"top\" width=\"45\">\n<p align=\"center\">01<\/p>\n<\/td>\n<td valign=\"top\" width=\"95\">DG2NBN<\/td>\n<td valign=\"top\" width=\"69\">Dieter<\/td>\n<td valign=\"top\" width=\"48\">B26<\/td>\n<td valign=\"top\" width=\"96\">\n<p align=\"center\">94<\/p>\n<\/td>\n<td valign=\"top\" width=\"98\">\n<p align=\"center\">10<\/p>\n<\/td>\n<\/tr>\n<tr>\n<td valign=\"top\" width=\"45\">\n<p align=\"center\">02<\/p>\n<\/td>\n<td valign=\"top\" width=\"95\">DB1DH<\/td>\n<td valign=\"top\" width=\"69\">Dieter<\/td>\n<td valign=\"top\" width=\"48\">B26<\/td>\n<td valign=\"top\" width=\"96\">\n<p align=\"center\">92<\/p>\n<\/td>\n<td valign=\"top\" width=\"98\">\n<p align=\"center\">9<\/p>\n<\/td>\n<\/tr>\n<tr>\n<td valign=\"top\" width=\"45\">\n<p align=\"center\">03<\/p>\n<\/td>\n<td valign=\"top\" width=\"95\">DG5NEW<\/td>\n<td valign=\"top\" width=\"69\">Michael<\/td>\n<td valign=\"top\" width=\"48\">B26<\/td>\n<td valign=\"top\" width=\"96\">\n<p align=\"center\">91<\/p>\n<\/td>\n<td valign=\"top\" width=\"98\">\n<p align=\"center\">8<\/p>\n<\/td>\n<\/tr>\n<tr>\n<td valign=\"top\" width=\"45\">\n<p align=\"center\">04<\/p>\n<\/td>\n<td valign=\"top\" width=\"95\">DO4CCC<\/td>\n<td valign=\"top\" width=\"69\">Thorsten<\/td>\n<td valign=\"top\" width=\"48\">B26<\/td>\n<td valign=\"top\" width=\"96\">\n<p align=\"center\">90<\/p>\n<\/td>\n<td valign=\"top\" width=\"98\">\n<p align=\"center\">7<\/p>\n<\/td>\n<\/tr>\n<tr>\n<td valign=\"top\" width=\"45\">\n<p align=\"center\">05<\/p>\n<\/td>\n<td valign=\"top\" width=\"95\">DO2NFS<\/td>\n<td valign=\"top\" width=\"69\">Florian<\/td>\n<td valign=\"top\" width=\"48\">B26<\/td>\n<td valign=\"top\" width=\"96\">\n<p align=\"center\">88<\/p>\n<\/td>\n<td valign=\"top\" width=\"98\">\n<p align=\"center\">6<\/p>\n<\/td>\n<\/tr>\n<tr>\n<td valign=\"top\" width=\"45\">\n<p align=\"center\">06<\/p>\n<\/td>\n<td valign=\"top\" width=\"95\">DK8AF<\/td>\n<td valign=\"top\" width=\"69\">Peter<\/td>\n<td valign=\"top\" width=\"48\">B26<\/td>\n<td valign=\"top\" width=\"96\">\n<p align=\"center\">86<\/p>\n<\/td>\n<td valign=\"top\" width=\"98\">\n<p align=\"center\">5<\/p>\n<\/td>\n<\/tr>\n<tr>\n<td valign=\"top\" width=\"45\">\n<p align=\"center\">07<\/p>\n<\/td>\n<td valign=\"top\" width=\"95\">DK2MC<\/td>\n<td valign=\"top\" width=\"69\">Christian<\/td>\n<td valign=\"top\" width=\"48\">B26<\/td>\n<td valign=\"top\" width=\"96\">\n<p align=\"center\">85<\/p>\n<\/td>\n<td valign=\"top\" width=\"98\">\n<p align=\"center\">4<\/p>\n<\/td>\n<\/tr>\n<tr>\n<td valign=\"top\" width=\"45\">\n<p align=\"center\">08<\/p>\n<\/td>\n<td valign=\"top\" width=\"95\">DG4NDV<\/td>\n<td valign=\"top\" width=\"69\">J\u00f6rg<\/td>\n<td valign=\"top\" width=\"48\">B30<\/td>\n<td valign=\"top\" width=\"96\">\n<p align=\"center\">83<\/p>\n<\/td>\n<td valign=\"top\" width=\"98\">\n<p align=\"center\">4<\/p>\n<\/td>\n<\/tr>\n<tr>\n<td valign=\"top\" width=\"45\">\n<p align=\"center\">09<\/p>\n<\/td>\n<td valign=\"top\" width=\"95\">DL1NKB<\/td>\n<td valign=\"top\" width=\"69\">Bernd<\/td>\n<td valign=\"top\" width=\"48\">B26<\/td>\n<td valign=\"top\" width=\"96\">\n<p align=\"center\">81<\/p>\n<\/td>\n<td valign=\"top\" width=\"98\">\n<p align=\"center\">4<\/p>\n<\/td>\n<\/tr>\n<tr>\n<td valign=\"top\" width=\"45\">\n<p align=\"center\">10<\/p>\n<\/td>\n<td valign=\"top\" width=\"95\">DB5CL<\/td>\n<td valign=\"top\" width=\"69\">Christian<\/td>\n<td valign=\"top\" width=\"48\">B16<\/td>\n<td valign=\"top\" width=\"96\">\n<p align=\"center\">80<\/p>\n<\/td>\n<td valign=\"top\" width=\"98\">\n<p align=\"center\">4<\/p>\n<\/td>\n<\/tr>\n<tr>\n<td valign=\"top\" width=\"45\">\n<p align=\"center\">11<\/p>\n<\/td>\n<td valign=\"top\" width=\"95\">DF1NAB<\/td>\n<td valign=\"top\" width=\"69\">Hans<\/td>\n<td valign=\"top\" width=\"48\">B26<\/td>\n<td valign=\"top\" width=\"96\">\n<p align=\"center\">55<\/p>\n<\/td>\n<td valign=\"top\" width=\"98\">\n<p align=\"center\">4<\/p>\n<\/td>\n<\/tr>\n<tr>\n<td valign=\"top\" width=\"45\">\n<p align=\"center\">12<\/p>\n<\/td>\n<td valign=\"top\" width=\"95\">DC1GD<\/td>\n<td valign=\"top\" width=\"69\">G\u00fcnter<\/td>\n<td valign=\"top\" width=\"48\">B26<\/td>\n<td valign=\"top\" width=\"96\">\n<p align=\"center\">38<\/p>\n<\/td>\n<td valign=\"top\" width=\"98\">\n<p align=\"center\">4<\/p>\n<\/td>\n<\/tr>\n<\/tbody>\n<\/table>\n<p>Beim abschlie\u00dfenden Kaffeetrinken wieder in gem\u00fctlicher Atmosph\u00e4re beim \u201ePostwirt\u201c wurden vom Mobilreferenten des Distrikt Franken nach der Auswertung beider Wettbewerbe jedem Teilnehmer eine, f\u00fcr diesen Tag erstellte Urkunde, \u00fcberreicht.<\/p>\n<p>Die Ergebnislisten sind mittlerweile schon vom Sachbearbeiter Mobilwettbewerbe im DARC best\u00e4tigt und Online zu finden.<br \/>\nMit den Punkten aus den beiden Wettbewerben konnten zwei Teilnehmer aus dem OV B26 den \u201eGoldkranz\u201c zur Mobilplakette und damit den \u201eDARC-Mobilmeister\u201c schaffen:<\/p>\n<ul>\n<li><strong>Claudia DO5NEN<\/strong> mit 108 Punkten.<\/li>\n<li><strong>Florian DO2NFS<\/strong> ebenfalls mit nun 108 Punkten.<\/li>\n<\/ul>\n<p>Gl\u00fcckw\u00fcnsche an alle Teilnehmer zu ihren Platzierungen und den beiden \u201efrisch gebackenen\u201c Mobilmeistern.<\/p>\n<p>Ich freue mich auf die Wettbewerbe im n\u00e4chsten Jahr, und hoffe, das die Beteiligung weiter so gut bleibt.<\/p>\n<p>Die Termine werden wieder fr\u00fchzeitig bekannt gegeben.<\/p>\n<p>VY 73,<br \/>\nPeter Ahrbecker &#8211; DK8AF<\/p>\n<p><strong>\u00a0Folgend die Daten der diesj\u00e4hrigen fr\u00e4nkischen Mobilwettbewerbe:<\/strong><\/p>\n<p>12. Oktober 2014 &#8211; Zwei Mobilwettbewerbe zum Saisonabschlu\u00df in Franken<\/p>\n<p>Veranstalter:\u00a0 Distrikt Franken<br \/>\nDATUM:\u00a0\u00a0\u00a0\u00a0\u00a0\u00a0\u00a0\u00a0 12.10.2014<br \/>\nUhrzeit (UTC): 09:00 &#8211; 10:00<br \/>\nBand:\u00a0\u00a0\u00a0\u00a0\u00a0\u00a0\u00a0\u00a0\u00a0\u00a0\u00a0\u00a0\u00a0\u00a0 10 m<br \/>\nOrt:\u00a0\u00a0\u00a0\u00a0\u00a0\u00a0\u00a0\u00a0\u00a0\u00a0\u00a0\u00a0\u00a0\u00a0\u00a0\u00a0\u00a0\u00a0\u00a0 Forchheim<br \/>\nUnterlagen:\u00a0\u00a0\u00a0 P.Ahrbecker, DK8AF<br \/>\nAm Hager Bichel 2<br \/>\n91330 Eggolsheim<br \/>\nE-Mail:\u00a0\u00a0\u00a0\u00a0\u00a0\u00a0\u00a0\u00a0\u00a0\u00a0\u00a0\u00a0 <a href=\"mailto:dk8af@darc.de\">dk8af@darc.de<\/a><br \/>\nHinweise:\u00a0\u00a0\u00a0\u00a0\u00a0 Anreisewettbewerb<\/p>\n<p>Veranstalter:\u00a0 Distrikt Franken<br \/>\nDATUM:\u00a0\u00a0\u00a0\u00a0\u00a0\u00a0\u00a0\u00a0 12.10.2014<br \/>\nUhrzeit (UTC): 11:30 &#8211; 13:00<br \/>\nBand:\u00a0\u00a0\u00a0\u00a0\u00a0\u00a0\u00a0\u00a0\u00a0\u00a0\u00a0\u00a0\u00a0\u00a0\u00a0 10 m<br \/>\nOrt:\u00a0\u00a0\u00a0\u00a0\u00a0\u00a0\u00a0\u00a0\u00a0\u00a0\u00a0\u00a0\u00a0\u00a0\u00a0\u00a0\u00a0\u00a0\u00a0 Forchheim<br \/>\nUnterlagen:\u00a0\u00a0\u00a0 P. Ahrbecker, DK8AF<br \/>\nAm Hager Bichel 2<br \/>\n91330 Eggolsheim<br \/>\nE-Mail:\u00a0\u00a0\u00a0\u00a0\u00a0\u00a0\u00a0\u00a0\u00a0\u00a0\u00a0\u00a0 <a href=\"mailto:dk8af@darc.de\">dk8af@darc.de<\/a><br \/>\nHinweise:\u00a0\u00a0\u00a0\u00a0\u00a0\u00a0\u00a0 Hauptwettbewerb<\/p>\n<p>Die Wettbewerbsunterlagen zu den Mobilwettbewerben im Raum Forchheim sind\u00a0folgend zum Ansehen und Ausdrucken zu finden:<\/p>\n<p><a href=\"http:\/\/www.b26-forchheim.de\/wp-content\/uploads\/2008\/10\/2014_10_12_Mobilwettbewerbe_Forchheim.pdf\" target=\"_blank\">2014_10_12_Mobilwettbewerbe_Forchheim_Ausschreibung<\/a><br \/>\n<a href=\"http:\/\/www.b26-forchheim.de\/wp-content\/uploads\/2008\/10\/Mobilwettbewerb_Log_Franken2.pdf\" target=\"_blank\">Mobilwettbewerb_Log_Franken<\/a><br \/>\n<a href=\"http:\/\/www.b26-forchheim.de\/wp-content\/uploads\/2008\/10\/Oft_gestellte_Fragen_zu_Mobilwettbewerben.pdf\" target=\"_blank\">Oft_gestellte_Fragen_zu_Mobilwettbewerben<\/a><\/p>\n<p>Ein Kartenausschnitt mit den vorgesehenen Kontrollpunkten und dem Treffpunkt waren bei <a href=\"mailto:dk8af@darc.de\">dk8af@darc.de<\/a> per Email erh\u00e4ltlich.<\/p>\n<p>&nbsp;<\/p>\n<p>17. August 2014 &#8211; Zwei Mobilwettbewerbe zum Jugendfieldday\u00a0DA0YFD<\/p>\n<p>Veranstalter:\u00a0 Referat Ausbildung, Jugendarbeit<br \/>\nDATUM:\u00a0\u00a0\u00a0\u00a0\u00a0\u00a0\u00a0\u00a0 17.08.2014<br \/>\nUhrzeit (UTC): 09:00 &#8211; 10:00<br \/>\nBand:\u00a0\u00a0\u00a0\u00a0\u00a0\u00a0\u00a0\u00a0\u00a0\u00a0\u00a0\u00a0\u00a0\u00a0\u00a0 10 m<br \/>\nOrt:\u00a0\u00a0\u00a0\u00a0\u00a0\u00a0\u00a0\u00a0\u00a0\u00a0\u00a0\u00a0\u00a0\u00a0\u00a0\u00a0\u00a0\u00a0\u00a0 Erlangen \/ Marloffstein<br \/>\nUnterlagen:\u00a0\u00a0\u00a0 P. Ahrbecker, DK8AF<br \/>\nAm Hager Bichel 2<br \/>\n91330 Eggolsheim<br \/>\nE-Mail:\u00a0\u00a0\u00a0\u00a0\u00a0\u00a0\u00a0\u00a0\u00a0\u00a0\u00a0\u00a0 <a href=\"mailto:dk8af@darc.de\">dk8af@darc.de<\/a><br \/>\nHinweise:\u00a0\u00a0\u00a0\u00a0\u00a0 Anreise Jugendfieldday<\/p>\n<p>Veranstalter:\u00a0 Referat Ausbildung, Jugendarbeit<br \/>\nDATUM:\u00a0\u00a0\u00a0\u00a0\u00a0\u00a0\u00a0\u00a0 17.08.2014<br \/>\nUhrzeit (UTC): 13:00 &#8211; 14:30<br \/>\nBand:\u00a0\u00a0\u00a0\u00a0\u00a0\u00a0\u00a0\u00a0\u00a0\u00a0\u00a0\u00a0\u00a0\u00a0\u00a0 70 cm<br \/>\nOrt:\u00a0\u00a0\u00a0\u00a0\u00a0\u00a0\u00a0\u00a0\u00a0\u00a0\u00a0\u00a0\u00a0\u00a0\u00a0\u00a0\u00a0\u00a0\u00a0 Erlangen \/ Marloffstein<br \/>\nUnterlagen:\u00a0\u00a0\u00a0 P.Ahrbecker, DK8AF<br \/>\nAm Hager Bichel 2<br \/>\n91330 Eggolsheim<br \/>\nE-Mail:\u00a0\u00a0\u00a0\u00a0\u00a0\u00a0\u00a0\u00a0\u00a0\u00a0\u00a0 <a href=\"mailto:dk8af@darc.de\">dk8af@darc.de<\/a><br \/>\nHinweise:\u00a0\u00a0\u00a0\u00a0\u00a0 Hauptwettb. Jugendfieldday<\/p>\n<p>Die Wettbewerbsunterlagen zu den Jugendfieldday-Mobilwettbewerben sind\u00a0folgend zum Ansehen und Ausdrucken zu finden:<\/p>\n<p><a href=\"http:\/\/www.b26-forchheim.de\/wp-content\/uploads\/2008\/10\/2014_DA0YFD_Mobilwettbewerb-Ausschreibung.pdf\">2014_DA0YFD_Mobilwettbewerb-Ausschreibung<\/a><br \/>\n<a href=\"http:\/\/www.b26-forchheim.de\/wp-content\/uploads\/2008\/10\/2013_Kartenausschnitt_Mobilwettbewerbe_DA0YFD.pdf\" target=\"_blank\">2014_Kartenausschnitt_Mobilwettbewerbe_DA0YFD<\/a><\/p>\n<p>Die komplette Liste, aller beim DARC angemeldeten Mobilwettbewerbstermine, unter:<br \/>\n<a href=\"http:\/\/www.darc.de\/referate\/ukw-funksport\/terminemobil\/\" target=\"_blank\">http:\/\/www.darc.de\/referate\/ukw-funksport\/terminemobil\/<\/a><\/p>\n<p>und die Ergebnisse der Mobilwettbewerbe unter:<\/p>\n<p><a href=\"http:\/\/www.darc.de\/referate\/ukw-funksport\/ergebnismobil0\/\" target=\"_blank\">http:\/\/www.darc.de\/referate\/ukw-funksport\/ergebnismobil0\/<\/a><br \/>\n________________________________________________<\/p>\n<p><strong>Erfolgreiche Teilnehmer des OV Forchheim und des Distrikt Franken bei den Mobilwettbewerben im Jahr 2013<\/strong><\/p>\n<p align=\"left\">\u201ePunktbester Teilnehmer bei fr\u00e4nkischen Mobilwettbewerben 2013\u201c<\/p>\n<p align=\"left\">Auch im Jahr 2013 hat sich bei den vier fr\u00e4nkischen wieder ein Teilnehmer als flei\u00dfigster Punktesammler hervor getan.<br \/>\nEs ist wie im letzten Jahr J\u00f6rg DG4NDV (B30), der von 40 m\u00f6glichen Punkten mit 38 Punkten nur ganz knapp am Maximalwert vorbeigeschrammt ist.<\/p>\n<p align=\"left\">Der Pokal wurde J\u00f6rg auf seinem Wunsch wieder im Rahmen der Mobilwettbewerbe beim Jugendfieldday DA0YFD am 17.August \u00fcberreicht.<\/p>\n<p align=\"left\">Folgend noch die weiteren Platzierungen:<\/p>\n<p align=\"left\">Rufzeichen &#8211;\u00a0Vorname &#8211; DOK\u00a0 &#8211;\u00a0Punkte<\/p>\n<p align=\"left\">DG4NDV J\u00f6rg B30 38<br \/>\nDO2NFS Florian B26 31<br \/>\nDO4CCC Thorsten B01 27<br \/>\nDG5NEW Michael B26 25<br \/>\nDG2NBN Dieter B26 24<br \/>\nDO5NEN Claudia B26 23<br \/>\nDF1NAB Hans B26 19<br \/>\nDK8AF Peter B26 14<br \/>\nDL8NBD Benny B26 12<br \/>\nDK2MC Christian B26 11<br \/>\nDB5CL Christian B16 8<br \/>\nDC1GD G\u00fcnter B26 6<br \/>\nDH1NEK Eckhard B11 6<br \/>\nDL1FLO Florian U01 6<br \/>\nDL4NAC Martin B16 6<br \/>\nDL5NDX Uli B21 6<br \/>\nDL8TW Thomas B13 6<br \/>\nDL9BEN Ben &#8212;&#8211; 6<br \/>\nDB8NI Andi B12 4<br \/>\nDD0NM Manfred B30 4<br \/>\nDG4MIC Andi C19 4<br \/>\nDO7DGH Dieter B26 4<br \/>\nDG7RO Torsten C06 2<br \/>\nDG8NAR Bernhard B11 2<br \/>\nDL6TOM Thomas B25 2<br \/>\nDM7GT Alexander &#8212; 2<\/p>\n<h2 align=\"left\">DARC Jahresmeisterschaft der Mobilmeister (JMM):<\/h2>\n<p align=\"left\">Die Jahresmeisterschaft der Mobilmeister erbrachte in 2013 ein, f\u00fcr den Distrikt Franken sensationelles Endergebnis. Seit der Schaffung der JMM im Jahr 1971 war es bislang keinem Distrikt gelungen, die ersten drei Pl\u00e4tze zu erringen. Dieses ist nun erstmalig dem Distrikt Franken gelungen, weil die Erstplatzierten au\u00dfer bei den fr\u00e4nkischen, auch noch an diversen weiteren Mobilwettbewerben teilgenommen haben.<\/p>\n<p>Die Preistr\u00e4ger sind:<br \/>\n1. Platz \u2013 Dieter DG2NBN (B26)<br \/>\n2. Platz \u2013 Michael DG5NEW (B26)<br \/>\n3. Platz \u2013 J\u00f6rg DG4NDV (B30)<\/p>\n<p align=\"left\">Auf der Mitgliederversammlung des OV Forchheim am 11.M\u00e4rz 2014\u00a0fand\u00a0die \u00dcbergabe der individuell bestickten Jahresmeister-Wimpel statt. Folgend das Bild der Gewinner bei der \u00dcbergabe:<\/p>\n<h6 align=\"left\">\u00a0<a href=\"http:\/\/www.b26-forchheim.de\/wp-content\/uploads\/2008\/10\/2013_Mobil-Jahresmeister.png\"><img loading=\"lazy\" decoding=\"async\" title=\"2013_Mobil-Jahresmeister\" src=\"http:\/\/www.b26-forchheim.de\/wp-content\/uploads\/2008\/10\/2013_Mobil-Jahresmeister-300x227.png\" alt=\"\" width=\"300\" height=\"227\" \/><\/a><br \/>\nFoto: Ottmar DF9NS \u2013 von links nach rechts: Peter DK8AF \u2013 Michi DG5NEW \u2013 Dieter DG2NBN \u2013 J\u00f6rg DG4NDV<\/h6>\n<p align=\"left\">Nachfolgend die ersten 20 Pl\u00e4tze von insgesamt 60 gewerteten Mobilmeistern. Auch hier sind viele weitere Teilnehmer aus Franken (rot markiert) ganz vorne dabei:<\/p>\n<p align=\"left\"><strong>Jahresmeisterschaft der Mobilmeister 2013<\/strong><\/p>\n<p align=\"left\">Platz &#8211; Call &#8211; DOK &#8211; JMM-Punkte<br \/>\n1. DG2NBN B26 81<br \/>\n2. DG5NEW B26 74<br \/>\n3. DG4NDV B30 53<br \/>\n4. DF1NAB B26 48<br \/>\n5. DL7RU D01 44<br \/>\n6. DL1PL Z11 39<br \/>\n7. DJ3ZX Z11 35<br \/>\n7. DK8AF B26 35<br \/>\n9. DL4PAC K28 34<br \/>\n10. DG1CM T19 26<br \/>\n11. DH1NEK B11 25<br \/>\n12. DJ9OZ D01 23<br \/>\n13. DG9MAQ T20 22<br \/>\n13. DK9LL M16 22<br \/>\n15. DL2MHF T20 18<br \/>\n15. DO7DGH B26 18<br \/>\n17. DF5UP Z18 16<br \/>\n17. DJ7TD M09 16<br \/>\n17. DL5NDX B21 16<br \/>\n20. DF1PJ Z11 11<\/p>\n<p align=\"left\">\u00a0Aktualisiert 19.09.2014: Peter <a href=\"mailto:dk8af@darc.de\">dk8af@darc.de<\/a><\/p>\n","protected":false},"excerpt":{"rendered":"<p>Mobilwettbewerbe 2014 im Distrikt Franken Bericht von den Mobilwettbewerben im Raum Forchheim im 10m Band Am 12. Oktober 2014 fanden die letzten fr\u00e4nkischen Mobilwettbewerbe dieses Jahres im Bereich Baiersdorf\/Effeltrich statt. Bei sch\u00f6nstem Herbstwetter mit viel Sonnenschein konnten zahlreiche Teilnehmer am Start begr\u00fc\u00dft werden. Die Ergebnisse im Teilnehmerfeld waren sehr eng, so dass oft nur ein [&hellip;]<\/p>\n","protected":false},"author":8,"featured_media":0,"parent":164,"menu_order":2,"comment_status":"closed","ping_status":"closed","template":"","meta":{"footnotes":""},"class_list":["post-2549","page","type-page","status-publish","hentry"],"_links":{"self":[{"href":"https:\/\/www.b26-forchheim.de\/index.php\/wp-json\/wp\/v2\/pages\/2549","targetHints":{"allow":["GET"]}}],"collection":[{"href":"https:\/\/www.b26-forchheim.de\/index.php\/wp-json\/wp\/v2\/pages"}],"about":[{"href":"https:\/\/www.b26-forchheim.de\/index.php\/wp-json\/wp\/v2\/types\/page"}],"author":[{"embeddable":true,"href":"https:\/\/www.b26-forchheim.de\/index.php\/wp-json\/wp\/v2\/users\/8"}],"replies":[{"embeddable":true,"href":"https:\/\/www.b26-forchheim.de\/index.php\/wp-json\/wp\/v2\/comments?post=2549"}],"version-history":[{"count":3,"href":"https:\/\/www.b26-forchheim.de\/index.php\/wp-json\/wp\/v2\/pages\/2549\/revisions"}],"predecessor-version":[{"id":3026,"href":"https:\/\/www.b26-forchheim.de\/index.php\/wp-json\/wp\/v2\/pages\/2549\/revisions\/3026"}],"up":[{"embeddable":true,"href":"https:\/\/www.b26-forchheim.de\/index.php\/wp-json\/wp\/v2\/pages\/164"}],"wp:attachment":[{"href":"https:\/\/www.b26-forchheim.de\/index.php\/wp-json\/wp\/v2\/media?parent=2549"}],"curies":[{"name":"wp","href":"https:\/\/api.w.org\/{rel}","templated":true}]}}