{"id":2015,"date":"2014-02-11T10:58:28","date_gmt":"2014-02-11T09:58:28","guid":{"rendered":"http:\/\/www.b26-forchheim.de\/?page_id=2015"},"modified":"2017-02-14T10:29:53","modified_gmt":"2017-02-14T09:29:53","slug":"2013-tdj-forchheim","status":"publish","type":"page","link":"https:\/\/www.b26-forchheim.de\/index.php\/tag-der-jugend\/2013-tdj-forchheim","title":{"rendered":"ARCHIV &#8211; TdJ Forchheim 2013"},"content":{"rendered":"<h3>Der DARC e.V. Ortsverband Forchheim B26 pr\u00e4sentierte sich am 4. Mai 2013<br \/>\nvon 9:00 bis 14:00 Uhr beim &#8222;Tag der Jugend&#8220; auf dem Paradeplatz in Forchheim.<\/h3>\n<h4>Folgend sind unsere Informationstafeln zum Ansehen und Download bereitgestellt:<\/h4>\n<p><a href=\"http:\/\/www.b26-forchheim.de\/wp-content\/uploads\/2013\/03\/Wir-sind-B26.png\" target=\"_blank\"><img loading=\"lazy\" decoding=\"async\" title=\"Wir sind B26\" src=\"http:\/\/www.b26-forchheim.de\/wp-content\/uploads\/2013\/03\/Wir-sind-B26-150x150.png\" alt=\"\" width=\"150\" height=\"150\" \/><\/a>\u00a0\u00a0\u00a0\u00a0 \u00a0<a href=\"http:\/\/www.b26-forchheim.de\/wp-content\/uploads\/2013\/03\/Funkbetrieb-Wettbewerbe.png\" target=\"_blank\"><img loading=\"lazy\" decoding=\"async\" title=\"Funkbetrieb - Wettbewerbe\" src=\"http:\/\/www.b26-forchheim.de\/wp-content\/uploads\/2013\/03\/Funkbetrieb-Wettbewerbe-150x150.png\" alt=\"\" width=\"150\" height=\"150\" \/><\/a>\u00a0\u00a0\u00a0\u00a0\u00a0\u00a0<a href=\"http:\/\/www.b26-forchheim.de\/wp-content\/uploads\/2013\/03\/Jugendarbeit.png\"><img loading=\"lazy\" decoding=\"async\" title=\"Jugendarbeit\" src=\"http:\/\/www.b26-forchheim.de\/wp-content\/uploads\/2013\/03\/Jugendarbeit-150x150.png\" alt=\"\" width=\"150\" height=\"150\" \/><\/a><br \/>\n<strong>\u00a0 \u00a0\u00a0\u00a0\u00a0\u00a0Wir sind &#8222;B26&#8220;\u00a0\u00a0\u00a0\u00a0\u00a0\u00a0\u00a0\u00a0\u00a0\u00a0\u00a0\u00a0\u00a0\u00a0\u00a0\u00a0\u00a0\u00a0\u00a0 \u00a0\u00a0\u00a0\u00a0 \u00a0Funkwettbewerbe\u00a0\u00a0\u00a0\u00a0\u00a0\u00a0\u00a0\u00a0\u00a0\u00a0\u00a0 \u00a0\u00a0\u00a0\u00a0 \u00a0Kinder und Jugendliche<\/strong><\/p>\n<p><a href=\"http:\/\/www.b26-forchheim.de\/wp-content\/uploads\/2013\/03\/Amateurfunk-in-Franken.png\" target=\"_blank\"><img loading=\"lazy\" decoding=\"async\" title=\"Amateurfunk in Franken\" src=\"http:\/\/www.b26-forchheim.de\/wp-content\/uploads\/2013\/03\/Amateurfunk-in-Franken-150x150.png\" alt=\"\" width=\"150\" height=\"150\" \/><\/a>\u00a0\u00a0\u00a0\u00a0 \u00a0<a href=\"http:\/\/www.b26-forchheim.de\/wp-content\/uploads\/2013\/03\/Morsen1.png\" target=\"_blank\"><img loading=\"lazy\" decoding=\"async\" title=\"Morsen\" src=\"http:\/\/www.b26-forchheim.de\/wp-content\/uploads\/2013\/03\/Morsen1-150x150.png\" alt=\"\" width=\"150\" height=\"150\" \/><\/a>\u00a0\u00a0\u00a0\u00a0\u00a0\u00a0<a href=\"http:\/\/www.b26-forchheim.de\/wp-content\/uploads\/2013\/03\/Technik-und-Basteln.png\" target=\"_blank\"><img loading=\"lazy\" decoding=\"async\" title=\"Technik und Basteln\" src=\"http:\/\/www.b26-forchheim.de\/wp-content\/uploads\/2013\/03\/Technik-und-Basteln-150x150.png\" alt=\"\" width=\"150\" height=\"150\" \/><\/a><strong><br \/>\n&#8218;AFu&#8216;\u00a0 in Franken\u00a0\u00a0\u00a0\u00a0\u00a0\u00a0\u00a0\u00a0\u00a0\u00a0\u00a0\u00a0\u00a0\u00a0\u00a0\u00a0\u00a0\u00a0\u00a0\u00a0\u00a0\u00a0\u00a0\u00a0\u00a0\u00a0\u00a0\u00a0\u00a0\u00a0 \u00a0\u00a0\u00a0 \u00a0Morsen\u00a0\u00a0\u00a0\u00a0\u00a0\u00a0\u00a0\u00a0\u00a0\u00a0\u00a0\u00a0\u00a0\u00a0\u00a0\u00a0 \u00a0\u00a0\u00a0\u00a0\u00a0\u00a0\u00a0\u00a0\u00a0\u00a0\u00a0\u00a0 \u00a0\u00a0 Technik und Basteln<br \/>\n<\/strong><br \/>\n(f\u00fcr eine gr\u00f6\u00dfere Ansicht bitte anklicken \/ zum Speichern oder Drucken die Funktion des Internetbrowsers verwenden.)<\/p>\n<p><strong>\u00a0Die Zusammenfassung der wichtigsten Angebote und Aktivit\u00e4ten des Ortverband Forchheim B26 in unserem &#8218;Flyer&#8216;:<\/strong><\/p>\n<p><a href=\"http:\/\/www.b26-forchheim.de\/wp-content\/uploads\/2013\/03\/Flyer-B26-Seite11.png\"><img loading=\"lazy\" decoding=\"async\" title=\"Flyer B26 Seite1\" src=\"http:\/\/www.b26-forchheim.de\/wp-content\/uploads\/2013\/03\/Flyer-B26-Seite11-300x213.png\" alt=\"\" width=\"300\" height=\"213\" \/><\/a>\u00a0\u00a0\u00a0\u00a0\u00a0\u00a0\u00a0\u00a0 <a href=\"http:\/\/www.b26-forchheim.de\/wp-content\/uploads\/2013\/03\/Flyer-B26-Seite2.png\" target=\"_blank\"><img loading=\"lazy\" decoding=\"async\" title=\"Flyer B26 Seite2\" src=\"http:\/\/www.b26-forchheim.de\/wp-content\/uploads\/2013\/03\/Flyer-B26-Seite2-300x214.png\" alt=\"\" width=\"300\" height=\"214\" \/><\/a><\/p>\n<h4>\u00a0Hier das Informationsblatt des KJR Forchheim:<br \/>\n<a href=\"http:\/\/www.kjr-forchheim.de\/fileadmin\/pdf\/2013\/S28.pdf\" target=\"_blank\">http:\/\/www.kjr-forchheim.de\/fileadmin\/pdf\/2013\/S28.pdf<\/a><\/h4>\n<p>&nbsp;<\/p>\n","protected":false},"excerpt":{"rendered":"<p>Der DARC e.V. Ortsverband Forchheim B26 pr\u00e4sentierte sich am 4. Mai 2013 von 9:00 bis 14:00 Uhr beim &#8222;Tag der Jugend&#8220; auf dem Paradeplatz in Forchheim. Folgend sind unsere Informationstafeln zum Ansehen und Download bereitgestellt: \u00a0\u00a0\u00a0\u00a0 \u00a0\u00a0\u00a0\u00a0\u00a0\u00a0\u00a0 \u00a0 \u00a0\u00a0\u00a0\u00a0\u00a0Wir sind &#8222;B26&#8220;\u00a0\u00a0\u00a0\u00a0\u00a0\u00a0\u00a0\u00a0\u00a0\u00a0\u00a0\u00a0\u00a0\u00a0\u00a0\u00a0\u00a0\u00a0\u00a0 \u00a0\u00a0\u00a0\u00a0 \u00a0Funkwettbewerbe\u00a0\u00a0\u00a0\u00a0\u00a0\u00a0\u00a0\u00a0\u00a0\u00a0\u00a0 \u00a0\u00a0\u00a0\u00a0 \u00a0Kinder und Jugendliche \u00a0\u00a0\u00a0\u00a0 \u00a0\u00a0\u00a0\u00a0\u00a0\u00a0\u00a0 &#8218;AFu&#8216;\u00a0 in Franken\u00a0\u00a0\u00a0\u00a0\u00a0\u00a0\u00a0\u00a0\u00a0\u00a0\u00a0\u00a0\u00a0\u00a0\u00a0\u00a0\u00a0\u00a0\u00a0\u00a0\u00a0\u00a0\u00a0\u00a0\u00a0\u00a0\u00a0\u00a0\u00a0\u00a0 \u00a0\u00a0\u00a0 \u00a0Morsen\u00a0\u00a0\u00a0\u00a0\u00a0\u00a0\u00a0\u00a0\u00a0\u00a0\u00a0\u00a0\u00a0\u00a0\u00a0\u00a0 \u00a0\u00a0\u00a0\u00a0\u00a0\u00a0\u00a0\u00a0\u00a0\u00a0\u00a0\u00a0 [&hellip;]<\/p>\n","protected":false},"author":8,"featured_media":0,"parent":1439,"menu_order":4,"comment_status":"closed","ping_status":"closed","template":"","meta":{"footnotes":""},"class_list":["post-2015","page","type-page","status-publish","hentry"],"_links":{"self":[{"href":"https:\/\/www.b26-forchheim.de\/index.php\/wp-json\/wp\/v2\/pages\/2015","targetHints":{"allow":["GET"]}}],"collection":[{"href":"https:\/\/www.b26-forchheim.de\/index.php\/wp-json\/wp\/v2\/pages"}],"about":[{"href":"https:\/\/www.b26-forchheim.de\/index.php\/wp-json\/wp\/v2\/types\/page"}],"author":[{"embeddable":true,"href":"https:\/\/www.b26-forchheim.de\/index.php\/wp-json\/wp\/v2\/users\/8"}],"replies":[{"embeddable":true,"href":"https:\/\/www.b26-forchheim.de\/index.php\/wp-json\/wp\/v2\/comments?post=2015"}],"version-history":[{"count":6,"href":"https:\/\/www.b26-forchheim.de\/index.php\/wp-json\/wp\/v2\/pages\/2015\/revisions"}],"predecessor-version":[{"id":2540,"href":"https:\/\/www.b26-forchheim.de\/index.php\/wp-json\/wp\/v2\/pages\/2015\/revisions\/2540"}],"up":[{"embeddable":true,"href":"https:\/\/www.b26-forchheim.de\/index.php\/wp-json\/wp\/v2\/pages\/1439"}],"wp:attachment":[{"href":"https:\/\/www.b26-forchheim.de\/index.php\/wp-json\/wp\/v2\/media?parent=2015"}],"curies":[{"name":"wp","href":"https:\/\/api.w.org\/{rel}","templated":true}]}}