{"id":19,"date":"2008-02-22T22:33:44","date_gmt":"2008-02-22T21:33:44","guid":{"rendered":"http:\/\/www.b26-forchheim.de\/index.php\/impressum"},"modified":"2018-03-28T00:02:04","modified_gmt":"2018-03-27T22:02:04","slug":"impressum","status":"publish","type":"page","link":"https:\/\/www.b26-forchheim.de\/index.php\/impressum","title":{"rendered":"Impressum"},"content":{"rendered":"<p>Verantwortlich f\u00fcr die Seiten des OV Forchheim des DARC e.V.:<br \/>\nPeter Ahrbecker<br \/>\nAnschrift:<\/p>\n<address>Deutscher Amateur Radio Club e.V.<br \/>\nOrtsverband Forchheim &#8211; B26<br \/>\nOrtsverbandsvorsitzender<br \/>\ndk8af (at) darc (punkt) de<br \/>\nAm Hager Bichel 2 &#8211; D-91330 Eggolsheim<\/address>\n<address>\u00a0<\/address>\n<p>F\u00fcr die Webpages der Distrikte, Ortsverb\u00e4nde und Referate des DARC e.V. sind die jeweils benannten Distrikts-, Ortverbands- und Referatswebmaster verantwortlich.<\/p>\n<p>Keine Haftung f\u00fcr die Funktion und Richtigkeit von Schaltungen und technischen Beschreibungen. Die Beitr\u00e4ge und die Bilder sind geistiges Eigentum der Autoren im Sinne des Urheberrechts und stellen nicht unbedingt die Meinung des Verantwortlichen f\u00fcr die Homepage dar.<\/p>\n<p>Weitergabe\/Weiterverwendung nur mit Angabe des Copyrights und Nennung der Autoren.<\/p>\n<p><strong>Disclaimer<\/strong><\/p>\n<p>Unsere Web-Seiten d\u00fcrfen ohne unsere schriftliche Einwilligung NICHT in Frames dargestellt werden und von kommerziellen und milit\u00e4rischen Servern NICHT gelinkt werden und in sonstiger Weise (Druck, Foto, Screenshot, etc.) reproduziert werden. Wir weisen darauf hin, da\u00df die auf diesen Web-Seiten verwendeten Soft- und Hardware &#8211; Bezeichnungen und Markennamen der jeweiligen Firmen im Allgemeinen waren-, marken- oder patentrechtlichem Schutz unterliegen. Hier ver\u00f6ffentlichte Bilder und Texte stammen von uns oder aus dem Internet (Freeware). Die hier dargestellten Verfahren, Anleitungen und Programme werden ohne R\u00fccksicht auf die Patentlage mitgeteilt. Sie sind nur f\u00fcr Amateur- und Lehrzwecke bestimmt. Die auf dieser Web-Site aufgelisteten Links sind sorgf\u00e4ltig ausgew\u00e4hlt und \u00fcberpr\u00fcft worden. Sie werden einmal monatlich jeweils zum Monatsbeginn \u00fcberpr\u00fcft und enthalten nach unserer Kenntnis keine illegalen Inhalte noch Hinweise auf Links zu solchen Inhalten, von denen wir uns ausdr\u00fccklich distanzieren: Keinesfalls sollen unsere Links eine Zustimmung \/ Billigung \/ Duldung von in Deutschland mit Strafe verfolgten \u00c4u\u00dferungen oder Darstellungen ausdr\u00fccken, unsere Links dienen ausschlie\u00dflich der weiteren Information unserer User. Wir weisen darauf hin, da\u00df, sollten au\u00dferhalb unserer \u00dcberpr\u00fcfung illegale Inhalte auf von uns gelinkten Web-Sites auftreten, wir von diesen keine Kenntnis haben. Bitte teilen Sie uns Hinweise auf illegale Inhalte von von uns gelinkten Web-Sites unverz\u00fcglich mit, damit wir die Links entfernen k\u00f6nnen. Die Inhalte, Angaben und Hinweise auf unseren Web-Seiten sind von den Autoren und von uns sorgf\u00e4ltig erwogen und gepr\u00fcft worden, dennoch kann eine Gew\u00e4hr f\u00fcr die Richtigkeit nicht \u00fcbernommen werden. Wir weisen darauf hin, da\u00df beim Umgang mit elektrischem und elektronischem Ger\u00e4t die entsprechenden Sicherheits- und Schutzvorschriften bzw. die gesetzlichen Vorschriften einzuhalten sind. Weder wir noch die Autoren haften f\u00fcr Personen-, Sach- und Verm\u00f6genssch\u00e4den.<\/p>\n","protected":false},"excerpt":{"rendered":"<p>Verantwortlich f\u00fcr die Seiten des OV Forchheim des DARC e.V.: Peter Ahrbecker Anschrift: Deutscher Amateur Radio Club e.V. Ortsverband Forchheim &#8211; B26 Ortsverbandsvorsitzender dk8af (at) darc (punkt) de Am Hager Bichel 2 &#8211; D-91330 Eggolsheim \u00a0 F\u00fcr die Webpages der Distrikte, Ortsverb\u00e4nde und Referate des DARC e.V. sind die jeweils benannten Distrikts-, Ortverbands- und Referatswebmaster [&hellip;]<\/p>\n","protected":false},"author":1,"featured_media":0,"parent":0,"menu_order":9,"comment_status":"closed","ping_status":"open","template":"","meta":{"footnotes":""},"class_list":["post-19","page","type-page","status-publish","hentry"],"_links":{"self":[{"href":"https:\/\/www.b26-forchheim.de\/index.php\/wp-json\/wp\/v2\/pages\/19","targetHints":{"allow":["GET"]}}],"collection":[{"href":"https:\/\/www.b26-forchheim.de\/index.php\/wp-json\/wp\/v2\/pages"}],"about":[{"href":"https:\/\/www.b26-forchheim.de\/index.php\/wp-json\/wp\/v2\/types\/page"}],"author":[{"embeddable":true,"href":"https:\/\/www.b26-forchheim.de\/index.php\/wp-json\/wp\/v2\/users\/1"}],"replies":[{"embeddable":true,"href":"https:\/\/www.b26-forchheim.de\/index.php\/wp-json\/wp\/v2\/comments?post=19"}],"version-history":[{"count":6,"href":"https:\/\/www.b26-forchheim.de\/index.php\/wp-json\/wp\/v2\/pages\/19\/revisions"}],"predecessor-version":[{"id":3132,"href":"https:\/\/www.b26-forchheim.de\/index.php\/wp-json\/wp\/v2\/pages\/19\/revisions\/3132"}],"wp:attachment":[{"href":"https:\/\/www.b26-forchheim.de\/index.php\/wp-json\/wp\/v2\/media?parent=19"}],"curies":[{"name":"wp","href":"https:\/\/api.w.org\/{rel}","templated":true}]}}