{"id":1717,"date":"2013-09-12T14:51:01","date_gmt":"2013-09-12T12:51:01","guid":{"rendered":"http:\/\/www.b26-forchheim.de\/?page_id=1717"},"modified":"2017-10-17T13:14:49","modified_gmt":"2017-10-17T11:14:49","slug":"not-und-katastrophenfunk","status":"publish","type":"page","link":"https:\/\/www.b26-forchheim.de\/index.php\/not-und-katastrophenfunk","title":{"rendered":"Not- und Katastrophenfunk"},"content":{"rendered":"<p align=\"LEFT\">Not- und Katastrophenfunk ist keine neue Aufgabe f\u00fcr Funkamateure, aber in der heutigen\u00a0Zeit, auch aufgrund der allgemeinen Lage, ein wichtiger Baustein in der Kette der Gefahrenabwehr bei Eins\u00e4tzen unterhalb der Katastrophenschwelle, aber auch bei Katastrophenf\u00e4llen.<\/p>\n<p align=\"LEFT\">Mit dem Konzept soll die M\u00f6glichkeit der Zusammenarbeit mit den Beh\u00f6rden, Feuerwehren, Hilfsorganisationen, THW und sonstigen Stellen der Gefahrenabwehr aufgezeigt werden.<\/p>\n<p align=\"LEFT\">Die Kommunikation ist eine wichtige Grundlage f\u00fcr einen erfolgreichen Einsatz.<\/p>\n<p align=\"LEFT\">Ohne Kommunikation kann im Notfall Hilfe nicht organisiert und Ma\u00dfnahmen nicht abgestimmt werden.<\/p>\n<p align=\"LEFT\"><strong>\u201eUnd genau hier k\u00f6nnen wir Funkamateure helfen!\u201c<\/strong><\/p>\n<p align=\"LEFT\">Der Amateurfunkdienst ist ein regul\u00e4rer Funkdienst nach ITU, genau wie Rundfunk und Seefunkdienst auch, zudem ist eine Aufgabe des Amateurfunks die Hilfe bei Not- und Katastrophenf\u00e4llen (\u00a7 2 Abs. 2 des Amateurfunk-Gesetzes von 1997). Wir sind also legitimiert, ja sogar angehalten, im Not- oder Katastrophenfall Meldungen dritter Seite weiterzuleiten und somit der Allgemeinheit zu helfen.<\/p>\n<p align=\"LEFT\">Bei der Sicherung oder dem Ersatz der evtl. \u00fcberlasteten oder teilweise ausgefallenen Nachrichtenverbindungen zu den Einsatzleitungen und Krisenst\u00e4ben der BOS (Beh\u00f6rden und Organisationen mit Sicherheitsaufgaben), ja sogar als provisorische Notrufstellen in unseren St\u00e4dten und Gemeinden k\u00f6nnen Amateurfunkstellen ausgewiesen werden. In der Vergangenheit haben Funkamateure immer wieder bewiesen, dass Amateurfunk auch dann noch funktioniert, wenn Naturkatastrophen alle kommerziellen Nachrichtenverbindungen lahmgelegt haben. Neben den Kurzwellenb\u00e4ndern steht uns heute ein landesweites Repeater- und Digipeaternetz zur Verf\u00fcgung.<\/p>\n<p align=\"LEFT\">Mit den im Amateurfunk zur Verf\u00fcgung stehenden M\u00f6glichkeiten wurde in der Vergangenheit vielen Menschen, die in Not geraten sind, geholfen.<\/p>\n<p align=\"LEFT\"><strong><span style=\"text-decoration: underline;\">Dass wir in der Lage sind, effektiv zu helfen, haben wir bereits in zahllosen Eins\u00e4tzen oder auch bei Notfunk\u00fcbungen unter Beweis gestellt.<\/span><\/strong><\/p>\n<p align=\"LEFT\"><em>Quelle DARC e.V. Internetseite:\u00a0 Leitfaden\u00a0&#8211; Not- und Katastrophenfunk der Funkamateure<\/em><\/p>\n<h3 align=\"LEFT\"><span style=\"text-decoration: underline;\"><strong>Und das machen wir im DARC Ortsverband Forchheim B26:<\/strong><\/span><\/h3>\n<p align=\"LEFT\">Um dies umzusetzen, wurden und werden Strukturen bis hinunter in die DARC Ortsverb\u00e4nde aufgebaut, welche diese Aufgaben erf\u00fcllen k\u00f6nnen.<\/p>\n<p align=\"LEFT\">Im Ortsverband Forchheim B26 ist aktuell Herr Dr. Hans Hei\u00dfenstein (DF1NAB) als Referent f\u00fcr Not- und Katastrophenfunk am Aufbau der lokalen Aktionen t\u00e4tig.<br \/>\nDerzeit wird eine Liste der Funkamateure im OV B26 erstellt, die in der Lage sind, bei Katastrophenf\u00e4llen mit ihrem pers\u00f6nlichen Mitteln Hilfsleistungen zu erbringen. Hierbei werden Personen, Fahrzeuge, Funktechnik und Zubeh\u00f6rtechnik erfasst. Diese Liste wird bei DF1NAB zusammengef\u00fchrt und kann durch die Teilnehmer regelm\u00e4\u00dfig aktualisiert werden.<\/p>\n<p>Ein EXCEL-Formular ist hier\u00a0zum Downloead verf\u00fcgbar: <a href=\"http:\/\/www.b26-forchheim.de\/wp-content\/uploads\/2013\/09\/List_Notfu_B26.xls\" target=\"_blank\" rel=\"noopener\">List_Notfu_B26<\/a><br \/>\nEs besteht aus verschiedenen Tabellenbl\u00e4ttern, die mit den eigenen Angaben ausgef\u00fcllt, und an den B26-Notfunkreferenten wieder zur\u00fcck gesendet werden sollte.<br \/>\nDie Angaben werden nicht ver\u00f6ffentlicht, sondern dienen nur unserer eigenen Information, und um im Notfall die betreffenden Funkamateure aktivieren zu k\u00f6nnen.<br \/>\nWer kein EXCEL hat, kann nat\u00fcrlich auch\u00a0direkt in einem Ausdruck der Liste z.B. an einem OV-Abend\u00a0mit\u00a0Hans seine Angaben pflegen.<br \/>\nBei \u00c4nderungen\u00a0bitte einfach ein aktualisiertes EXCEL-Formular an Hans senden\u00a0 (geben), und m\u00f6glichst die ge\u00e4nderten Informationen in geeigneter Form\u00a0kenntlich machen.<br \/>\nSendet es direkt per Email an hans.heissenstein (at) gmx.de.\u00a0\u00a0 [ (at) durch das Email-Zeichen @ ersetzen]<\/p>\n<p align=\"LEFT\"><strong><span style=\"text-decoration: underline;\">Folgend auch noch die Verweise (Links)\u00a0auf die DARC-Internetseite zum Thema &#8222;Not- und Katastrophenfunk&#8220;:<\/span><\/strong><\/p>\n<p align=\"LEFT\"><a href=\"http:\/\/www.darc.de\/referate\/notfunk\/\" target=\"_blank\" rel=\"noopener\">http:\/\/www.darc.de\/referate\/notfunk\/<\/a><br \/>\n<a href=\"http:\/\/www.darc.de\/uploads\/media\/Leitfaden_DARC_11.01.31-1.pdf\" target=\"_blank\" rel=\"noopener\">http:\/\/www.darc.de\/uploads\/media\/Leitfaden_DARC_11.01.31-1.pdf<\/a><br \/>\n<a href=\"http:\/\/www.darc.de\/uploads\/media\/DARC_Notfunk-Konzept_101124.ppt\" target=\"_blank\" rel=\"noopener\">http:\/\/www.darc.de\/uploads\/media\/DARC_Notfunk-Konzept_101124.ppt<\/a><br \/>\n<a href=\"http:\/\/www.darc.de\/uploads\/media\/130529a_PubFly_DARC_01.pdf\" target=\"_blank\" rel=\"noopener\">http:\/\/www.darc.de\/uploads\/media\/130529a_PubFly_DARC_01.pdf<\/a><br \/>\n<a href=\"http:\/\/www.darc.de\/uploads\/media\/IARU_Notfunkprozedur_01.pdf\" target=\"_blank\" rel=\"noopener\">http:\/\/www.darc.de\/uploads\/media\/IARU_Notfunkprozedur_01.pdf<\/a><br \/>\n<a href=\"http:\/\/www.darc.de\/uploads\/media\/grundstze_fr_die_mitwirkung_der_bayerischen_distrikte_im_deutschen_amateur_neufassung.pdf\" target=\"_blank\" rel=\"noopener\">http:\/\/www.darc.de\/uploads\/media\/grundstze_fr_die_mitwirkung_der_bayerischen_distrikte_im_deutschen_amateur_neufassung.pdf<\/a><\/p>\n<p align=\"LEFT\">Seite aktualisiert 19.05.2015: \u00a0Peter <a href=\"mailto:dk8af@darc.de\">dk8af@darc.de<\/a><\/p>\n","protected":false},"excerpt":{"rendered":"<p>Not- und Katastrophenfunk ist keine neue Aufgabe f\u00fcr Funkamateure, aber in der heutigen\u00a0Zeit, auch aufgrund der allgemeinen Lage, ein wichtiger Baustein in der Kette der Gefahrenabwehr bei Eins\u00e4tzen unterhalb der Katastrophenschwelle, aber auch bei Katastrophenf\u00e4llen. Mit dem Konzept soll die M\u00f6glichkeit der Zusammenarbeit mit den Beh\u00f6rden, Feuerwehren, Hilfsorganisationen, THW und sonstigen Stellen der Gefahrenabwehr aufgezeigt [&hellip;]<\/p>\n","protected":false},"author":8,"featured_media":0,"parent":0,"menu_order":7,"comment_status":"closed","ping_status":"closed","template":"","meta":{"footnotes":""},"class_list":["post-1717","page","type-page","status-publish","hentry"],"_links":{"self":[{"href":"https:\/\/www.b26-forchheim.de\/index.php\/wp-json\/wp\/v2\/pages\/1717","targetHints":{"allow":["GET"]}}],"collection":[{"href":"https:\/\/www.b26-forchheim.de\/index.php\/wp-json\/wp\/v2\/pages"}],"about":[{"href":"https:\/\/www.b26-forchheim.de\/index.php\/wp-json\/wp\/v2\/types\/page"}],"author":[{"embeddable":true,"href":"https:\/\/www.b26-forchheim.de\/index.php\/wp-json\/wp\/v2\/users\/8"}],"replies":[{"embeddable":true,"href":"https:\/\/www.b26-forchheim.de\/index.php\/wp-json\/wp\/v2\/comments?post=1717"}],"version-history":[{"count":22,"href":"https:\/\/www.b26-forchheim.de\/index.php\/wp-json\/wp\/v2\/pages\/1717\/revisions"}],"predecessor-version":[{"id":3107,"href":"https:\/\/www.b26-forchheim.de\/index.php\/wp-json\/wp\/v2\/pages\/1717\/revisions\/3107"}],"wp:attachment":[{"href":"https:\/\/www.b26-forchheim.de\/index.php\/wp-json\/wp\/v2\/media?parent=1717"}],"curies":[{"name":"wp","href":"https:\/\/api.w.org\/{rel}","templated":true}]}}