{"id":1310,"date":"2013-01-28T15:27:45","date_gmt":"2013-01-28T14:27:45","guid":{"rendered":"http:\/\/www.b26-forchheim.de\/?page_id=1310"},"modified":"2017-06-05T18:33:22","modified_gmt":"2017-06-05T16:33:22","slug":"archiv-2012","status":"publish","type":"page","link":"https:\/\/www.b26-forchheim.de\/index.php\/mobilwettbewerb\/archiv-2012","title":{"rendered":"Archiv 2012"},"content":{"rendered":"<p><strong>Mobilwettbewerbe im 10m Band am 14. Oktober im Raum Effeltrich<\/strong><\/p>\n<p>Am Sonntag dem 14. Oktober \u00a0fanden bei stabilem Herbstwetter zum Saisonabschlu\u00df\u00a0rund um Effeltrich die beiden letzten fr\u00e4nkischen Mobilwettbewerbe dieses\u00a0 Jahres , ausgerichtet durch den OV Forchheim, B26, statt.<\/p>\n<p>Der Anfahrtswettbewerb wurde vormittags f\u00fcr den Distrikt Franken im 10m-Band ausgetragen. Es kamen 10 Teilnehmer an den Start, welche folgende Platzierungen erzielten:<\/p>\n<table border=\"0\" width=\"508\" cellspacing=\"0\" cellpadding=\"0\">\n<tbody>\n<tr>\n<td valign=\"top\" width=\"46\"><strong>Platz Nr. <\/strong><\/td>\n<td valign=\"top\" width=\"86\"><strong>Rufzeichen <\/strong><\/td>\n<td valign=\"top\" width=\"84\"><strong>Name<\/strong><\/td>\n<td valign=\"top\" width=\"44\"><strong>DOK<\/strong><\/td>\n<td valign=\"top\" width=\"117\"><strong>Wettbewerbs- punkte <\/strong><\/td>\n<td valign=\"top\" width=\"132\"><strong>Vorschlag Plakettenpunkte\u00a0 <\/strong><\/td>\n<\/tr>\n<tr>\n<td valign=\"top\" width=\"46\">\n<p align=\"right\"><strong>1 <\/strong><\/p>\n<\/td>\n<td valign=\"top\" width=\"86\"><strong>DO7DGH <\/strong><\/td>\n<td valign=\"top\" width=\"84\"><strong>Dieter<\/strong><\/td>\n<td valign=\"top\" width=\"44\"><strong>B26 <\/strong><\/td>\n<td valign=\"top\" width=\"117\">\n<p align=\"center\"><strong>65 <\/strong><\/p>\n<\/td>\n<td valign=\"top\" width=\"132\"><strong>\u00a010<\/strong><\/td>\n<\/tr>\n<tr>\n<td valign=\"top\" width=\"46\">\n<p align=\"right\"><strong>2 <\/strong><\/p>\n<\/td>\n<td valign=\"top\" width=\"86\"><strong>DG4NDV <\/strong><\/td>\n<td valign=\"top\" width=\"84\"><strong>J\u00f6rg<\/strong><\/td>\n<td valign=\"top\" width=\"44\"><strong>B30 <\/strong><\/td>\n<td valign=\"top\" width=\"117\">\n<p align=\"center\"><strong>62 <\/strong><\/p>\n<\/td>\n<td valign=\"top\" width=\"132\"><strong>\u00a0 9<\/strong><\/td>\n<\/tr>\n<tr>\n<td valign=\"top\" width=\"46\">\n<p align=\"right\"><strong>3 <\/strong><\/p>\n<\/td>\n<td valign=\"top\" width=\"86\"><strong>DL2NCZ <\/strong><\/td>\n<td valign=\"top\" width=\"84\"><strong>Stephan<\/strong><\/td>\n<td valign=\"top\" width=\"44\"><strong>B26 <\/strong><\/td>\n<td valign=\"top\" width=\"117\">\n<p align=\"center\"><strong>58 <\/strong><\/p>\n<\/td>\n<td valign=\"top\" width=\"132\"><strong>\u00a0 8<\/strong><\/td>\n<\/tr>\n<tr>\n<td valign=\"top\" width=\"46\">\n<p align=\"right\"><strong>4 <\/strong><\/p>\n<\/td>\n<td valign=\"top\" width=\"86\"><strong>DG5NEW <\/strong><\/td>\n<td valign=\"top\" width=\"84\"><strong>Michael<\/strong><\/td>\n<td valign=\"top\" width=\"44\"><strong>B26 <\/strong><\/td>\n<td valign=\"top\" width=\"117\">\n<p align=\"center\"><strong>57 <\/strong><\/p>\n<\/td>\n<td valign=\"top\" width=\"132\"><strong>\u00a0 7<\/strong><\/td>\n<\/tr>\n<tr>\n<td valign=\"top\" width=\"46\">\n<p align=\"right\"><strong>4 <\/strong><\/p>\n<\/td>\n<td valign=\"top\" width=\"86\"><strong>DG2NBN <\/strong><\/td>\n<td valign=\"top\" width=\"84\"><strong>Dieter<\/strong><\/td>\n<td valign=\"top\" width=\"44\"><strong>B26 <\/strong><\/td>\n<td valign=\"top\" width=\"117\">\n<p align=\"center\"><strong>57 <\/strong><\/p>\n<\/td>\n<td valign=\"top\" width=\"132\"><strong>\u00a0 7<\/strong><\/td>\n<\/tr>\n<tr>\n<td valign=\"top\" width=\"46\">\n<p align=\"right\"><strong>6 <\/strong><\/p>\n<\/td>\n<td valign=\"top\" width=\"86\"><strong>DK2MC <\/strong><\/td>\n<td valign=\"top\" width=\"84\"><strong>Christian<\/strong><\/td>\n<td valign=\"top\" width=\"44\"><strong>B26 <\/strong><\/td>\n<td valign=\"top\" width=\"117\">\n<p align=\"center\"><strong>55 <\/strong><\/p>\n<\/td>\n<td valign=\"top\" width=\"132\"><strong>\u00a0 5<\/strong><\/td>\n<\/tr>\n<tr>\n<td valign=\"top\" width=\"46\">\n<p align=\"right\"><strong>7 <\/strong><\/p>\n<\/td>\n<td valign=\"top\" width=\"86\"><strong>DO2NFS <\/strong><\/td>\n<td valign=\"top\" width=\"84\"><strong>Florian<\/strong><\/td>\n<td valign=\"top\" width=\"44\"><strong>B26 <\/strong><\/td>\n<td valign=\"top\" width=\"117\">\n<p align=\"center\"><strong>52 <\/strong><\/p>\n<\/td>\n<td valign=\"top\" width=\"132\"><strong>\u00a0 4<\/strong><\/td>\n<\/tr>\n<tr>\n<td valign=\"top\" width=\"46\">\n<p align=\"right\"><strong>8 <\/strong><\/p>\n<\/td>\n<td valign=\"top\" width=\"86\"><strong>DK8AF <\/strong><\/td>\n<td valign=\"top\" width=\"84\"><strong>Peter<\/strong><\/td>\n<td valign=\"top\" width=\"44\"><strong>B26 <\/strong><\/td>\n<td valign=\"top\" width=\"117\">\n<p align=\"center\"><strong>51 <\/strong><\/p>\n<\/td>\n<td valign=\"top\" width=\"132\"><strong>\u00a0 4<\/strong><\/td>\n<\/tr>\n<tr>\n<td valign=\"top\" width=\"46\">\n<p align=\"right\"><strong>9 <\/strong><\/p>\n<\/td>\n<td valign=\"top\" width=\"86\"><strong>DC1GD <\/strong><\/td>\n<td valign=\"top\" width=\"84\"><strong>G\u00fcnter<\/strong><\/td>\n<td valign=\"top\" width=\"44\"><strong>B26 <\/strong><\/td>\n<td valign=\"top\" width=\"117\">\n<p align=\"center\"><strong>48 <\/strong><\/p>\n<\/td>\n<td valign=\"top\" width=\"132\"><strong>\u00a0 4<\/strong><\/td>\n<\/tr>\n<tr>\n<td valign=\"top\" width=\"46\">\n<p align=\"right\"><strong>10\u00a0\u00a0 \u00a0 <\/strong><\/p>\n<\/td>\n<td valign=\"top\" width=\"86\"><strong>DL8NBD <\/strong><\/td>\n<td valign=\"top\" width=\"84\"><strong>Benny<\/strong><\/td>\n<td valign=\"top\" width=\"44\"><strong>B26 <\/strong><\/td>\n<td valign=\"top\" width=\"117\">\n<p align=\"center\"><strong>39 <\/strong><\/p>\n<\/td>\n<td valign=\"top\" width=\"132\"><strong>\u00a0 4<\/strong><\/td>\n<\/tr>\n<\/tbody>\n<\/table>\n<p>Der Hauptwettbewerb wurde nachmittags ebenfalls im Namen des Distriktes Franken im 10m-Band ausgetragen.<\/p>\n<p>Es waren 11 Teilnehmer angetreten, und folgende Platzierungen wurden erreicht:<\/p>\n<table border=\"0\" width=\"493\" cellspacing=\"0\" cellpadding=\"0\">\n<tbody>\n<tr>\n<td valign=\"top\" width=\"50\"><strong>Platz Nr. <\/strong><\/td>\n<td valign=\"top\" width=\"86\"><strong>Rufzeichen <\/strong><\/td>\n<td valign=\"top\" width=\"89\"><strong>Name<\/strong><\/td>\n<td valign=\"top\" width=\"44\"><strong>DOK<\/strong><\/td>\n<td valign=\"top\" width=\"103\"><strong>Wettbewerbs- punkte <\/strong><\/td>\n<td valign=\"top\" width=\"121\"><strong>\u00a0Vorschlag Plakettenpunkte\u00a0<\/strong><\/td>\n<\/tr>\n<tr>\n<td valign=\"top\" width=\"50\">\n<p align=\"right\"><strong>1 <\/strong><\/p>\n<\/td>\n<td valign=\"top\" width=\"86\"><strong>DG2NBN <\/strong><\/td>\n<td valign=\"top\" width=\"89\"><strong>Dieter<\/strong><\/td>\n<td valign=\"top\" width=\"44\"><strong>B26 <\/strong><\/td>\n<td valign=\"top\" width=\"103\">\n<p align=\"center\"><strong>85 <\/strong><\/p>\n<\/td>\n<td valign=\"top\" width=\"121\"><strong>\u00a0 10<\/strong><\/td>\n<\/tr>\n<tr>\n<td valign=\"top\" width=\"50\">\n<p align=\"right\"><strong>2 <\/strong><\/p>\n<\/td>\n<td valign=\"top\" width=\"86\"><strong>DG4NDV <\/strong><\/td>\n<td valign=\"top\" width=\"89\"><strong>J\u00f6rg <\/strong><\/td>\n<td valign=\"top\" width=\"44\"><strong>B30 <\/strong><\/td>\n<td valign=\"top\" width=\"103\">\n<p align=\"center\"><strong>82 <\/strong><\/p>\n<\/td>\n<td valign=\"top\" width=\"121\"><strong>\u00a0 9<\/strong><\/td>\n<\/tr>\n<tr>\n<td valign=\"top\" width=\"50\">\n<p align=\"right\"><strong>3 <\/strong><\/p>\n<\/td>\n<td valign=\"top\" width=\"86\"><strong>DO7DGH <\/strong><\/td>\n<td valign=\"top\" width=\"89\"><strong>Dieter <\/strong><\/td>\n<td valign=\"top\" width=\"44\"><strong>B26 <\/strong><\/td>\n<td valign=\"top\" width=\"103\">\n<p align=\"center\"><strong>81 <\/strong><\/p>\n<\/td>\n<td valign=\"top\" width=\"121\"><strong>\u00a0 8<\/strong><\/td>\n<\/tr>\n<tr>\n<td valign=\"top\" width=\"50\">\n<p align=\"right\"><strong>3 <\/strong><\/p>\n<\/td>\n<td valign=\"top\" width=\"86\"><strong>DG5NEW <\/strong><\/td>\n<td valign=\"top\" width=\"89\"><strong>Michael <\/strong><\/td>\n<td valign=\"top\" width=\"44\"><strong>B26 <\/strong><\/td>\n<td valign=\"top\" width=\"103\">\n<p align=\"center\"><strong>81 <\/strong><\/p>\n<\/td>\n<td valign=\"top\" width=\"121\"><strong>\u00a0 8<\/strong><\/td>\n<\/tr>\n<tr>\n<td valign=\"top\" width=\"50\">\n<p align=\"right\"><strong>3 <\/strong><\/p>\n<\/td>\n<td valign=\"top\" width=\"86\"><strong>DK8AF <\/strong><\/td>\n<td valign=\"top\" width=\"89\"><strong>Peter<\/strong><\/td>\n<td valign=\"top\" width=\"44\"><strong>B26 <\/strong><\/td>\n<td valign=\"top\" width=\"103\">\n<p align=\"center\"><strong>81 <\/strong><\/p>\n<\/td>\n<td valign=\"top\" width=\"121\"><strong>\u00a0 8<\/strong><\/td>\n<\/tr>\n<tr>\n<td valign=\"top\" width=\"50\">\n<p align=\"right\"><strong>6 <\/strong><\/p>\n<\/td>\n<td valign=\"top\" width=\"86\"><strong>DL8NBD <\/strong><\/td>\n<td valign=\"top\" width=\"89\"><strong>Benny<\/strong><\/td>\n<td valign=\"top\" width=\"44\"><strong>B26 <\/strong><\/td>\n<td valign=\"top\" width=\"103\">\n<p align=\"center\"><strong>76 <\/strong><\/p>\n<\/td>\n<td valign=\"top\" width=\"121\"><strong>\u00a0 5<\/strong><\/td>\n<\/tr>\n<tr>\n<td valign=\"top\" width=\"50\">\n<p align=\"right\"><strong>7 <\/strong><\/p>\n<\/td>\n<td valign=\"top\" width=\"86\"><strong>DK2MC <\/strong><\/td>\n<td valign=\"top\" width=\"89\"><strong>Christian<\/strong><\/td>\n<td valign=\"top\" width=\"44\"><strong>B26 <\/strong><\/td>\n<td valign=\"top\" width=\"103\">\n<p align=\"center\"><strong>71 <\/strong><\/p>\n<\/td>\n<td valign=\"top\" width=\"121\"><strong>\u00a0 4<\/strong><\/td>\n<\/tr>\n<tr>\n<td valign=\"top\" width=\"50\">\n<p align=\"right\"><strong>8 <\/strong><\/p>\n<\/td>\n<td valign=\"top\" width=\"86\"><strong>DC1GD <\/strong><\/td>\n<td valign=\"top\" width=\"89\"><strong>G\u00fcnter<\/strong><\/td>\n<td valign=\"top\" width=\"44\"><strong>B26 <\/strong><\/td>\n<td valign=\"top\" width=\"103\">\n<p align=\"center\"><strong>70 <\/strong><\/p>\n<\/td>\n<td valign=\"top\" width=\"121\"><strong>\u00a0 4<\/strong><\/td>\n<\/tr>\n<tr>\n<td valign=\"top\" width=\"50\">\n<p align=\"right\"><strong>9 <\/strong><\/p>\n<\/td>\n<td valign=\"top\" width=\"86\"><strong>DO2NFS <\/strong><\/td>\n<td valign=\"top\" width=\"89\"><strong>Florian<\/strong><\/td>\n<td valign=\"top\" width=\"44\"><strong>B26<\/strong><\/td>\n<td valign=\"top\" width=\"103\">\n<p align=\"center\"><strong>58 <\/strong><\/p>\n<\/td>\n<td valign=\"top\" width=\"121\"><strong>\u00a0 4<\/strong><\/td>\n<\/tr>\n<tr>\n<td valign=\"top\" width=\"50\">\n<p align=\"right\"><strong>10 <\/strong><\/p>\n<\/td>\n<td valign=\"top\" width=\"86\"><strong>DL9NEF <\/strong><\/td>\n<td valign=\"top\" width=\"89\"><strong>Johannes<\/strong><\/td>\n<td valign=\"top\" width=\"44\"><strong>B26<\/strong><\/td>\n<td valign=\"top\" width=\"103\">\n<p align=\"center\"><strong>26 <\/strong><\/p>\n<\/td>\n<td valign=\"top\" width=\"121\"><strong>\u00a0 4<\/strong><\/td>\n<\/tr>\n<tr>\n<td valign=\"top\" width=\"50\">\n<p align=\"right\"><strong>11 <\/strong><\/p>\n<\/td>\n<td valign=\"top\" width=\"86\"><strong>DL5NEN <\/strong><\/td>\n<td valign=\"top\" width=\"89\"><strong>Thomas<\/strong><\/td>\n<td valign=\"top\" width=\"44\"><strong>B26<\/strong><\/td>\n<td valign=\"top\" width=\"103\">\n<p align=\"center\"><strong>12 <\/strong><\/p>\n<\/td>\n<td valign=\"top\" width=\"121\"><strong>\u00a0 4<\/strong><\/td>\n<\/tr>\n<\/tbody>\n<\/table>\n<p>Es ging in beiden Wettbewerben \u00e4u\u00dferst knapp zu, die vorderen Pl\u00e4tze wurden jeweils um einen Punkt entschieden, so dass nur 1 QSO mehr meist die Entscheidung ausmachte.<\/p>\n<p>Es freut mich besonders, das mit Flo DO2NFS und Benny DL8NBD wieder 2 neue Teilnehmer bei unseren Mobilwettbewerben dabei waren, die trotz des Handicaps, sich ein Fahrzeug und damit die Wettbewerbszeiten teilen zu m\u00fcssen, in den vorderen Pl\u00e4tzen zu finden waren.<\/p>\n<p>Zum Abschluss konnte noch eine Siegerehrung f\u00fcr die Teilnehmer beider Wettbewerbe stattfinden, bei der jeder eine Urkunde \u00fcbererreicht bekam.<\/p>\n<p>Wir danken allen aktive f\u00fcr das Engagement und freuen uns auf eine mindestens genauso rege Teilnahme bei den Wettbewerben im n\u00e4chsten Jahr.<\/p>\n<p>Info: Peter Ahrbecker DK8AF Mobilreferent DARC Distrikt Franken<\/p>\n<p>Hier noch die Rahmendaten:<\/p>\n<pre><strong>Sonntag, 14.10.2012 Anfahrtswettbewerb des Distrikt Franken (B)<\/strong><\/pre>\n<pre>Zeit: 09:00 bis 10:00 UTC (11:00 - 12:00 MESZ)  Band: 10 m in SSB\r\nVeranstalter: Distrikt Franken\r\nBemerkung:\u00a0\u00a0\u00a0 B26-Saisonabschlu\u00df \u2013 Anfahrtswettbewerb\r\nUnterlagen:   Peter Ahrbecker, DK8AF \/ Am Hager Bichel 2 \/ 91330 Eggolsheim\r\nEmail: <a href=\"mailto:dk8af@darc.de\">dk8af@darc.de<\/a><\/pre>\n<pre><strong>Sonntag, 14.10.2012 Haupt<strong>wettbewerb des Distrikt Franken (B)<\/strong><\/strong><\/pre>\n<pre>Zeit: 11:30 - 13:00 UTC (13:30 - 15:00 MESZ)\r\nBand: 10 m in SSB\r\nVeranstalter: Distrikt Franken\r\nBemerkung:    B26-Saisonabschlu\u00df \u2013 Hauptwettbewerb\r\nUnterlagen:   Peter Ahrbecker, DK8AF \/ Am Hager Bichel 2 \/ 91330 Eggolsheim\r\nEmail: <a href=\"mailto:dk8af@darc.de\">dk8af@darc.de<\/a><\/pre>\n<p>Die Ausschreibungen sind hier\u00a0als PDF-Datei abrufbar:<br \/>\n<a href=\"http:\/\/www.b26-forchheim.de\/wp-content\/uploads\/2008\/10\/Mobilwettbewerb_Forchheim_14_10_2012.pdf\" target=\"_blank\">Mobilwettbewerb_Forchheim_14_10_2012<\/a><br \/>\n<a href=\"http:\/\/www.b26-forchheim.de\/wp-content\/uploads\/2008\/10\/Mobilwettbewerb_B26_2012_Kontrollpunkte.pdf\" target=\"_blank\">Mobilwettbewerb_B26_2012_Kontrollpunkte<\/a><br \/>\n<a href=\"http:\/\/www.b26-forchheim.de\/wp-content\/uploads\/2008\/10\/Mobilwettbewerb_Log_Franken1.pdf\" target=\"_blank\">Mobilwettbewerb_Log_Franken<\/a><\/p>\n<p>Info 07.09.2012 \/<br \/>\nAktualisiert 17.10.2012 \/ 26.09.2012: Peter <a href=\"mailto:dk8af@darc.de\">dk8af@darc.de<\/a><\/p>\n","protected":false},"excerpt":{"rendered":"<p>Mobilwettbewerbe im 10m Band am 14. Oktober im Raum Effeltrich Am Sonntag dem 14. Oktober \u00a0fanden bei stabilem Herbstwetter zum Saisonabschlu\u00df\u00a0rund um Effeltrich die beiden letzten fr\u00e4nkischen Mobilwettbewerbe dieses\u00a0 Jahres , ausgerichtet durch den OV Forchheim, B26, statt. Der Anfahrtswettbewerb wurde vormittags f\u00fcr den Distrikt Franken im 10m-Band ausgetragen. Es kamen 10 Teilnehmer an den [&hellip;]<\/p>\n","protected":false},"author":8,"featured_media":0,"parent":164,"menu_order":4,"comment_status":"closed","ping_status":"closed","template":"","meta":{"footnotes":""},"class_list":["post-1310","page","type-page","status-publish","hentry"],"_links":{"self":[{"href":"https:\/\/www.b26-forchheim.de\/index.php\/wp-json\/wp\/v2\/pages\/1310","targetHints":{"allow":["GET"]}}],"collection":[{"href":"https:\/\/www.b26-forchheim.de\/index.php\/wp-json\/wp\/v2\/pages"}],"about":[{"href":"https:\/\/www.b26-forchheim.de\/index.php\/wp-json\/wp\/v2\/types\/page"}],"author":[{"embeddable":true,"href":"https:\/\/www.b26-forchheim.de\/index.php\/wp-json\/wp\/v2\/users\/8"}],"replies":[{"embeddable":true,"href":"https:\/\/www.b26-forchheim.de\/index.php\/wp-json\/wp\/v2\/comments?post=1310"}],"version-history":[{"count":6,"href":"https:\/\/www.b26-forchheim.de\/index.php\/wp-json\/wp\/v2\/pages\/1310\/revisions"}],"predecessor-version":[{"id":3028,"href":"https:\/\/www.b26-forchheim.de\/index.php\/wp-json\/wp\/v2\/pages\/1310\/revisions\/3028"}],"up":[{"embeddable":true,"href":"https:\/\/www.b26-forchheim.de\/index.php\/wp-json\/wp\/v2\/pages\/164"}],"wp:attachment":[{"href":"https:\/\/www.b26-forchheim.de\/index.php\/wp-json\/wp\/v2\/media?parent=1310"}],"curies":[{"name":"wp","href":"https:\/\/api.w.org\/{rel}","templated":true}]}}