{"id":121,"date":"2008-07-21T11:41:30","date_gmt":"2008-07-21T10:41:30","guid":{"rendered":"http:\/\/www.b26-forchheim.de\/index.php\/ov-chronik"},"modified":"2017-10-16T14:37:58","modified_gmt":"2017-10-16T12:37:58","slug":"ov-chronik","status":"publish","type":"page","link":"https:\/\/www.b26-forchheim.de\/index.php\/ov-chronik","title":{"rendered":"OV-Chronik"},"content":{"rendered":"<p>In dieser Rubrik sind die Informationen zur Geschichte des DARC Ortsverbands Forchheim zu finden.<\/p>\n<p><a href=\"http:\/\/www.b26-forchheim.de\/wp-content\/uploads\/2008\/07\/2016_B26-Ortsverbands-Chronik_Frontumschlag_doc.jpg\" target=\"_blank\" rel=\"noopener\"><img loading=\"lazy\" decoding=\"async\" class=\"alignleft wp-image-3097 size-medium\" src=\"http:\/\/www.b26-forchheim.de\/wp-content\/uploads\/2008\/07\/2016_B26-Ortsverbands-Chronik_Frontumschlag_doc-211x300.jpg\" alt=\"\" width=\"211\" height=\"300\" srcset=\"https:\/\/www.b26-forchheim.de\/wp-content\/uploads\/2008\/07\/2016_B26-Ortsverbands-Chronik_Frontumschlag_doc-211x300.jpg 211w, https:\/\/www.b26-forchheim.de\/wp-content\/uploads\/2008\/07\/2016_B26-Ortsverbands-Chronik_Frontumschlag_doc.jpg 720w\" sizes=\"auto, (max-width: 211px) 100vw, 211px\" \/><\/a><\/p>\n<p>Zum 50-j\u00e4hrigen Gr\u00fcndungsjubil\u00e4um im Jahr 2016 wurde aus den vielen vorliegenden Informationen und Bildern mit sehr viel Arbeit von wenigen Aktiven im OV ein wirklich &#8218;vorzeigbares&#8216; gebundenes Buch im Vollfarbendruck von immerhin 80 Seiten im A5-Format erstellt.<br \/>\nJedes OV-Mitglied und viele &#8218;ehemalige&#8216; haben kostenlos ein gedrucktes Exemplar erhalten.<\/p>\n<p>Es sind noch Exemplare gegen eine Spende (die Druckkosten pro Heft betragen ca. 3 EUR) und Versandspesen beim Ortsverbandsvorsitzenden (siehe Kontakt)\u00a0 zu haben.<\/p>\n<p>Kommentare und Erg\u00e4nzungen sind nat\u00fcrlich wie auch in den anderen Rubriken, immer gern gesehen.<\/p>\n<p>Auch sehr lesenswert ist die Chronik des DARC Distrikts Franken, die mit viel Liebe zum Detail vom Ehrenmitglied des Distriksvorstands, OM Dr. Dietrich Seyboth DJ2MG erstellt wurde und die durch anklicken des markierten Textes aufrufbar ist. Daraus der folgende Eintrag:<\/p>\n<p>&#8211; Am 22. Januar 1966 wird der OV Forchheim gegr\u00fcn\u00addet, DOK B26; OVV Josef Hofmann, DJ7WJ.<\/p>\n<p>vy 73 &#8211; Peter <a title=\"DK8AF QRZ.com\" href=\"http:\/\/www.qrz.com\/db\/dk8af\" target=\"_blank\" rel=\"noopener\">DK8AF<\/a><br \/>\n______________________________________________________________________<\/p>\n<p><a href=\"http:\/\/www.b26-forchheim.de\/wp-content\/uploads\/2008\/07\/grundungsversammlung_b26.pdf\" target=\"_blank\" rel=\"noopener\">Einladung_zur_Gruendungsversammlung_OV Forchheim.pdf<\/a><\/p>\n<p>______________________________________________________________________<\/p>\n<p><strong>Zum 30. Geburtstag des Ortsverbandes Forchheim B26<\/strong> erschien am 19. Juli 1996 in der Lokalpresse <a title=\"Nachrichten aus Franken (FT)\" href=\"http:\/\/www.infranken.de\/nachrichten.html\" target=\"_blank\" rel=\"noopener\">(Fr\u00e4nkischer Tag)<\/a> der nachfolgende Artikel. <em>Zur Abbildung in voller Gr\u00f6\u00dfe einfach auf das kleine Vorschaubild klicken! <\/em><\/p>\n<p><a href=\"http:\/\/www.b26-forchheim.de\/wp-content\/uploads\/2009\/06\/30_jahre_b26.jpg\" target=\"_blank\" rel=\"noopener\"><img decoding=\"async\" src=\"http:\/\/www.b26-forchheim.de\/wp-content\/uploads\/2009\/06\/30_jahre_b26.thumbnail.jpg\" alt=\"30_jahre_b26.jpg\" \/><\/a><\/p>\n<p>Der Verfasser des Artikels war zu dieser Zeit noch keine drei Jahre Funkamateur. Wir bitten um Nachsicht f\u00fcr daraus eventuell resultierte Unsch\u00e4rfen in der Formulierung!<\/p>\n<p><img decoding=\"async\" src=\"http:\/\/www.b26-forchheim.de\/wp-content\/uploads\/2009\/06\/gruendung_b26.jpg\" alt=\"gruendung_b26.jpg\" \/><\/p>\n<p><em>Bild oben: <strong>Die Gr\u00fcndungs-Veranstaltung 1966.<\/strong> Von links nach rechts sitzen hier und freuen sich: H. Kehr (DL1EN), Hannes Bauer (DL1DX), Dr. R. Knaup (DJ2OK), Josef Hofmann (DJ7WJ), Otto Kr\u00fcger (DJ2EU) und E. Schmitzer (DJ4BG). <\/em>Falls Sie noch Informationen zu diesem Bild beitragen k\u00f6nnen, senden Sie bitte eine eMail an dl9nef@offroadsticker.de &#8211; vielen Dank!<\/p>\n<p>Anl\u00e4sslich des im Zeitungsartikel erw\u00e4hnten Jubil\u00e4ums-Fielddays 1996 entstanden auch die nachfolgenden historischen Schnappsch\u00fcsse (alle Fotos: DL9NEF):<\/p>\n<p><img decoding=\"async\" src=\"http:\/\/www.b26-forchheim.de\/wp-content\/uploads\/2009\/06\/dg8ndq-diana-lieb_.jpg\" alt=\"dg8ndq-diana-lieb_.jpg\" \/><img decoding=\"async\" src=\"http:\/\/www.b26-forchheim.de\/wp-content\/uploads\/2009\/06\/dc9nm-ludwig-lieb.jpg\" alt=\"dc9nm-ludwig-lieb.jpg\" \/><\/p>\n<p><em>Bild oben links: Diana DG8NDQ (links), halb verdeckt Helga DL1NEH, dazwischen lugen Helmut <a title=\"DF7NZ QRZ.com\" href=\"http:\/\/www.qrz.com\/db\/df7nz\" target=\"_blank\" rel=\"noopener\">DF7NZ<\/a> (vorn) und Hans DF2NY aus dem Hintergrund hervor <\/em><\/p>\n<p><em>Bild oben rechts: Ludwig DC9NM <\/em><\/p>\n<p><img decoding=\"async\" src=\"http:\/\/www.b26-forchheim.de\/wp-content\/uploads\/2009\/06\/df2ny-hans-franke.jpg\" alt=\"df2ny-hans-franke.jpg\" \/><img decoding=\"async\" src=\"http:\/\/www.b26-forchheim.de\/wp-content\/uploads\/2009\/06\/dl4naf-siegfried-huttl.jpg\" alt=\"dl4naf-siegfried-huttl.jpg\" \/><\/p>\n<p><em>Bild oben links: Hans DF2NY (verst.) betrachtet das ganze Treiben noch etwas skeptisch<\/em><\/p>\n<p><em>Bild oben rechts: Siggi DJ7WK dagegen wirkt v\u00f6llig entspannt<\/em><\/p>\n<p><img decoding=\"async\" src=\"http:\/\/www.b26-forchheim.de\/wp-content\/uploads\/2009\/06\/dg5ndg-df2ny.jpg\" alt=\"dg5ndg-df2ny.jpg\" \/><img decoding=\"async\" src=\"http:\/\/www.b26-forchheim.de\/wp-content\/uploads\/2009\/06\/dg5ndg-diethardt-burdeska.jpg\" alt=\"dg5ndg-diethardt-burdeska.jpg\" \/><\/p>\n<p><em>Bild oben links: Diethardt und Hans haben Spa\u00df &#8211; trotz des Dauerregens der damals herniederging! <\/em><\/p>\n<p><em>Bild oben rechts: Dem Diethardt DG5NDG schmeckt sein Seidlein ganz offensichtlich<\/em><\/p>\n<p><img decoding=\"async\" src=\"http:\/\/www.b26-forchheim.de\/wp-content\/uploads\/2009\/06\/dg5new-michael-wendler.jpg\" alt=\"dg5new-michael-wendler.jpg\" \/><\/p>\n<p><em>Bild oben: Ein denkw\u00fcrdiges Zeitdokument. Ganz rechts Stefan, der Sohn von Helmut DF7NZ. An der Packet-Radio-Station wirkt virtuos ein jugendlicher Michael<a title=\"DG5NEW QRZ.com\" href=\"http:\/\/www.qrz.com\/db\/dg5new\" target=\"_blank\" rel=\"noopener\"> DG5NEW<\/a>. Die Identit\u00e4ten der beiden anderen jungen M\u00e4nner sind uns leider nicht (mehr) bekannt.<\/em><\/p>\n<p><img decoding=\"async\" src=\"http:\/\/www.b26-forchheim.de\/wp-content\/uploads\/2009\/06\/dl3nbm-friedrich-wendler.jpg\" alt=\"dl3nbm-friedrich-wendler.jpg\" \/><img decoding=\"async\" src=\"http:\/\/www.b26-forchheim.de\/wp-content\/uploads\/2009\/06\/dg2nbn-dieter-puchinger.jpg\" alt=\"dg2nbn-dieter-puchinger.jpg\" \/><\/p>\n<p><em>Bild oben links: Fritz DL3NBM (verst.), unser langj\u00e4hriger, ausnahmslos zuverl\u00e4ssiger und \u00e4u\u00dferst gewissenhafter QSL-Manager, l\u00e4sst es sich hier\u00a0 verdienterweise schmecken.<\/em><\/p>\n<p><em>Bild oben rechts: Ein, aus heutiger Sicht jedenfalls, recht jugendlich wirkender Dieter <a title=\"DG2NBN QRZ.com\" href=\"http:\/\/www.qrz.com\/db\/dg2nbn\" target=\"_blank\" rel=\"noopener\">DG2NBN<\/a>. Seit Fritz das Mikrophon f\u00fcr immer aus der Hand gelegt hat, bildet Dieter zusammen mit Kathrin DO1NKH unser aktuelles perfektes QSL-Manager-Team.<\/em><\/p>\n<p><em><br \/>\n<\/em><\/p>\n<p>73 de Johannes, <a title=\"DL9NEF bei QRZ.com\" href=\"http:\/\/www.qrz.com\/db\/DL9NEF\" target=\"_blank\" rel=\"noopener\">DL9NEF<\/a><\/p>\n","protected":false},"excerpt":{"rendered":"<p>In dieser Rubrik sind die Informationen zur Geschichte des DARC Ortsverbands Forchheim zu finden. Zum 50-j\u00e4hrigen Gr\u00fcndungsjubil\u00e4um im Jahr 2016 wurde aus den vielen vorliegenden Informationen und Bildern mit sehr viel Arbeit von wenigen Aktiven im OV ein wirklich &#8218;vorzeigbares&#8216; gebundenes Buch im Vollfarbendruck von immerhin 80 Seiten im A5-Format erstellt. Jedes OV-Mitglied und viele [&hellip;]<\/p>\n","protected":false},"author":8,"featured_media":0,"parent":0,"menu_order":18,"comment_status":"closed","ping_status":"closed","template":"","meta":{"footnotes":""},"class_list":["post-121","page","type-page","status-publish","hentry"],"_links":{"self":[{"href":"https:\/\/www.b26-forchheim.de\/index.php\/wp-json\/wp\/v2\/pages\/121","targetHints":{"allow":["GET"]}}],"collection":[{"href":"https:\/\/www.b26-forchheim.de\/index.php\/wp-json\/wp\/v2\/pages"}],"about":[{"href":"https:\/\/www.b26-forchheim.de\/index.php\/wp-json\/wp\/v2\/types\/page"}],"author":[{"embeddable":true,"href":"https:\/\/www.b26-forchheim.de\/index.php\/wp-json\/wp\/v2\/users\/8"}],"replies":[{"embeddable":true,"href":"https:\/\/www.b26-forchheim.de\/index.php\/wp-json\/wp\/v2\/comments?post=121"}],"version-history":[{"count":10,"href":"https:\/\/www.b26-forchheim.de\/index.php\/wp-json\/wp\/v2\/pages\/121\/revisions"}],"predecessor-version":[{"id":3101,"href":"https:\/\/www.b26-forchheim.de\/index.php\/wp-json\/wp\/v2\/pages\/121\/revisions\/3101"}],"wp:attachment":[{"href":"https:\/\/www.b26-forchheim.de\/index.php\/wp-json\/wp\/v2\/media?parent=121"}],"curies":[{"name":"wp","href":"https:\/\/api.w.org\/{rel}","templated":true}]}}